{"id":5065,"date":"2026-03-22T19:33:44","date_gmt":"2026-03-22T18:33:44","guid":{"rendered":"https:\/\/saudafjordcamping.no\/ordensregler\/"},"modified":"2026-03-22T19:33:44","modified_gmt":"2026-03-22T18:33:44","slug":"ordensregler","status":"publish","type":"page","link":"https:\/\/saudafjordcamping.no\/en\/ordensregler\/","title":{"rendered":"Ordensregler"},"content":{"rendered":"<div class=\"wpb-content-wrapper\"><p>[vc_row][vc_column][vc_empty_space height=&#8221;30px&#8221;] <h1 style=\"color:;padding:px;text-align:center;font-size:40px;line-height:px;letter-spacing: px;font-weight:normal\" class=\"   nd_options_second_font \">ORDENSREGLER<\/h1> [vc_empty_space height=&#8221;30px&#8221;][\/vc_column][\/vc_row][vc_row][vc_column][vc_column_text css=&#8221;&#8221;]<\/p>\n<h4 data-path-to-node=\"3\"><strong>For at alle v\u00e5re gjester skal f\u00e5 et trivelig og trygt opphold, ber vi om at f\u00f8lgende ordensregler overholdes:<\/strong><\/h4>\n<p>&nbsp;<\/p>\n<h3 data-path-to-node=\"4\">ANKOMST OG AVREISE<\/h3>\n<h4 data-path-to-node=\"5,0,0\">Innsjekk og utsjekk kommer frem av bookingbekreftelsen<\/h4>\n<h4 data-path-to-node=\"5,2,0\">Det er 18-\u00e5rsgrense for innsjekking uten f\u00f8lge av foresatte.<\/h4>\n<p>&nbsp;<\/p>\n<h3 data-path-to-node=\"6\">RO OG ORDEN<\/h3>\n<h4 data-path-to-node=\"7,0,0\">Det skal v\u00e6re stille p\u00e5 plassen mellom kl. 23:00 og 07:00. Vis hensyn til dine naboer hele d\u00f8gnet.<\/h4>\n<h4 data-path-to-node=\"7,1,0\">All kj\u00f8ring inne p\u00e5 omr\u00e5det skal skje i gangfart og begrenses til et minimum.<\/h4>\n<p>&nbsp;<\/p>\n<h3 data-path-to-node=\"8\">BRANNSIKKERHET<\/h3>\n<h4 data-path-to-node=\"9,0,0\">Av hensyn til brannsikkerhet skal det v\u00e6re minst 4 meter mellom hver boenhet (vogn, bobil, telt).<\/h4>\n<h4 data-path-to-node=\"9,1,0\">Engangsgriller er forbudt direkte p\u00e5 bakken eller p\u00e5 brennbart underlag. Bruk egne stativer eller anviste plasser.<\/h4>\n<p>&nbsp;<\/p>\n<h3 data-path-to-node=\"10\">RENHOLD OG AVFALL<\/h3>\n<h4 data-path-to-node=\"11,0,0\">Alt avfall skal kildesorteres og kastes i merkede containere. Det er strengt forbudt \u00e5 sette fra seg s\u00f8ppel utenfor containerne.<\/h4>\n<h4 data-path-to-node=\"11,0,0\">Forlat fellesarealer, dusjer og toaletter i den stand du selv \u00f8nsker \u00e5 finne dem. Barn b\u00f8r f\u00f8lges av voksne i sanit\u00e6ranlegget.<\/h4>\n<p>&nbsp;<\/p>\n<h3 data-path-to-node=\"12\">HUSDYR<\/h3>\n<h4 data-path-to-node=\"13,0,0\">Hunder er velkomne, men skal alltid holdes i b\u00e5nd inne p\u00e5 campingomr\u00e5det.<\/h4>\n<h4 data-path-to-node=\"13,1,0\">Hundelufting skal skje utenfor campingplassen, og eier er p\u00e5lagt \u00e5 plukke opp etter dyret.<\/h4>\n<h4 data-path-to-node=\"13,1,0\">Hunder har ikke adgang til fellesrom eller senger\/m\u00f8bler i utleieenheter.<\/h4>\n<p>&nbsp;<\/p>\n<h3 data-path-to-node=\"14\">ANSVAR OG SKADE<\/h3>\n<h4 data-path-to-node=\"15,0,0\">Gjesten er selv ansvarlig for sine eiendeler. Campingplassen p\u00e5tar seg ikke ansvar for tyveri eller skade p\u00e5 gjestenes utstyr.<\/h4>\n<h4 data-path-to-node=\"15,1,0\">Skader p\u00e5f\u00f8rt bygninger, inventar eller anlegg ved uaktsomhet m\u00e5 erstattes av den ansvarlige.<\/h4>\n<h4 data-path-to-node=\"15,1,0\"><\/h4>\n<p>&nbsp;<\/p>\n<h3 data-path-to-node=\"15,1,0\"><b data-path-to-node=\"17,0\" data-index-in-node=\"0\">Merk:<\/b> <strong>Brudd p\u00e5 ordensreglene kan f\u00f8re til bortvisning uten refusjon av leiebel\u00f8p.<\/strong><\/h3>\n<p>[\/vc_column_text][vc_empty_space height=&#8221;50px&#8221;][\/vc_column][\/vc_row]<\/p>\n<\/div>","protected":false},"excerpt":{"rendered":"<p>[vc_row][vc_column][vc_empty_space height=&#8221;30px&#8221;][vc_empty_space height=&#8221;30px&#8221;][\/vc_column][\/vc_row][vc_row][vc_column][vc_column_text css=&#8221;&#8221;] For at alle v\u00e5re gjester skal f\u00e5 et trivelig og trygt opphold, ber vi om at f\u00f8lgende ordensregler overholdes: &nbsp; ANKOMST OG AVREISE Innsjekk og utsjekk kommer frem av bookingbekreftelsen Det er 18-\u00e5rsgrense for innsjekking uten f\u00f8lge av foresatte. &nbsp; RO OG ORDEN Det skal v\u00e6re stille p\u00e5 plassen mellom kl. [&hellip;]<\/p>\n","protected":false},"author":4,"featured_media":0,"parent":0,"menu_order":0,"comment_status":"closed","ping_status":"closed","template":"","meta":{"_monsterinsights_skip_tracking":false,"_monsterinsights_sitenote_active":false,"_monsterinsights_sitenote_note":"","_monsterinsights_sitenote_category":0,"footnotes":""},"class_list":["post-5065","page","type-page","status-publish","hentry"],"yoast_head":"<!-- This site is optimized with the Yoast SEO plugin v27.5 - https:\/\/yoast.com\/product\/yoast-seo-wordpress\/ -->\n<title>Ordensregler - Sauda Fjord Camping<\/title>\n<meta name=\"robots\" content=\"index, follow, max-snippet:-1, max-image-preview:large, max-video-preview:-1\" \/>\n<link rel=\"canonical\" href=\"https:\/\/saudafjordcamping.no\/en\/ordensregler\/\" \/>\n<meta property=\"og:locale\" content=\"en_US\" \/>\n<meta property=\"og:type\" content=\"article\" \/>\n<meta property=\"og:title\" content=\"Ordensregler - Sauda Fjord Camping\" \/>\n<meta property=\"og:description\" content=\"[vc_row][vc_column][vc_empty_space height=&#8221;30px&#8221;][vc_empty_space height=&#8221;30px&#8221;][\/vc_column][\/vc_row][vc_row][vc_column][vc_column_text css=&#8221;&#8221;] For at alle v\u00e5re gjester skal f\u00e5 et trivelig og trygt opphold, ber vi om at f\u00f8lgende ordensregler overholdes: &nbsp; ANKOMST OG AVREISE Innsjekk og utsjekk kommer frem av bookingbekreftelsen Det er 18-\u00e5rsgrense for innsjekking uten f\u00f8lge av foresatte. &nbsp; RO OG ORDEN Det skal v\u00e6re stille p\u00e5 plassen mellom kl. [&hellip;]\" \/>\n<meta property=\"og:url\" content=\"https:\/\/saudafjordcamping.no\/en\/ordensregler\/\" \/>\n<meta property=\"og:site_name\" content=\"Sauda Fjord Camping\" \/>\n<meta name=\"twitter:card\" content=\"summary_large_image\" \/>\n<meta name=\"twitter:label1\" content=\"Est. reading time\" \/>\n\t<meta name=\"twitter:data1\" content=\"2 minutes\" \/>\n<script type=\"application\/ld+json\" class=\"yoast-schema-graph\">{\"@context\":\"https:\\\/\\\/schema.org\",\"@graph\":[{\"@type\":\"WebPage\",\"@id\":\"https:\\\/\\\/saudafjordcamping.no\\\/en\\\/ordensregler\\\/\",\"url\":\"https:\\\/\\\/saudafjordcamping.no\\\/en\\\/ordensregler\\\/\",\"name\":\"Ordensregler - Sauda Fjord Camping\",\"isPartOf\":{\"@id\":\"https:\\\/\\\/saudafjordcamping.no\\\/#website\"},\"datePublished\":\"2026-03-22T18:33:44+00:00\",\"breadcrumb\":{\"@id\":\"https:\\\/\\\/saudafjordcamping.no\\\/en\\\/ordensregler\\\/#breadcrumb\"},\"inLanguage\":\"en-US\",\"potentialAction\":[{\"@type\":\"ReadAction\",\"target\":[\"https:\\\/\\\/saudafjordcamping.no\\\/en\\\/ordensregler\\\/\"]}]},{\"@type\":\"BreadcrumbList\",\"@id\":\"https:\\\/\\\/saudafjordcamping.no\\\/en\\\/ordensregler\\\/#breadcrumb\",\"itemListElement\":[{\"@type\":\"ListItem\",\"position\":1,\"name\":\"Home\",\"item\":\"https:\\\/\\\/saudafjordcamping.no\\\/en\\\/\"},{\"@type\":\"ListItem\",\"position\":2,\"name\":\"Ordensregler\"}]},{\"@type\":\"WebSite\",\"@id\":\"https:\\\/\\\/saudafjordcamping.no\\\/#website\",\"url\":\"https:\\\/\\\/saudafjordcamping.no\\\/\",\"name\":\"Sauda Fjord Camping\",\"description\":\"From fjord to mountains\",\"potentialAction\":[{\"@type\":\"SearchAction\",\"target\":{\"@type\":\"EntryPoint\",\"urlTemplate\":\"https:\\\/\\\/saudafjordcamping.no\\\/?s={search_term_string}\"},\"query-input\":{\"@type\":\"PropertyValueSpecification\",\"valueRequired\":true,\"valueName\":\"search_term_string\"}}],\"inLanguage\":\"en-US\"}]}<\/script>\n<!-- \/ Yoast SEO plugin. -->","yoast_head_json":{"title":"Ordensregler - Sauda Fjord Camping","robots":{"index":"index","follow":"follow","max-snippet":"max-snippet:-1","max-image-preview":"max-image-preview:large","max-video-preview":"max-video-preview:-1"},"canonical":"https:\/\/saudafjordcamping.no\/en\/ordensregler\/","og_locale":"en_US","og_type":"article","og_title":"Ordensregler - Sauda Fjord Camping","og_description":"[vc_row][vc_column][vc_empty_space height=&#8221;30px&#8221;][vc_empty_space height=&#8221;30px&#8221;][\/vc_column][\/vc_row][vc_row][vc_column][vc_column_text css=&#8221;&#8221;] For at alle v\u00e5re gjester skal f\u00e5 et trivelig og trygt opphold, ber vi om at f\u00f8lgende ordensregler overholdes: &nbsp; ANKOMST OG AVREISE Innsjekk og utsjekk kommer frem av bookingbekreftelsen Det er 18-\u00e5rsgrense for innsjekking uten f\u00f8lge av foresatte. &nbsp; RO OG ORDEN Det skal v\u00e6re stille p\u00e5 plassen mellom kl. [&hellip;]","og_url":"https:\/\/saudafjordcamping.no\/en\/ordensregler\/","og_site_name":"Sauda Fjord Camping","twitter_card":"summary_large_image","twitter_misc":{"Est. reading time":"2 minutes"},"schema":{"@context":"https:\/\/schema.org","@graph":[{"@type":"WebPage","@id":"https:\/\/saudafjordcamping.no\/en\/ordensregler\/","url":"https:\/\/saudafjordcamping.no\/en\/ordensregler\/","name":"Ordensregler - Sauda Fjord Camping","isPartOf":{"@id":"https:\/\/saudafjordcamping.no\/#website"},"datePublished":"2026-03-22T18:33:44+00:00","breadcrumb":{"@id":"https:\/\/saudafjordcamping.no\/en\/ordensregler\/#breadcrumb"},"inLanguage":"en-US","potentialAction":[{"@type":"ReadAction","target":["https:\/\/saudafjordcamping.no\/en\/ordensregler\/"]}]},{"@type":"BreadcrumbList","@id":"https:\/\/saudafjordcamping.no\/en\/ordensregler\/#breadcrumb","itemListElement":[{"@type":"ListItem","position":1,"name":"Home","item":"https:\/\/saudafjordcamping.no\/en\/"},{"@type":"ListItem","position":2,"name":"Ordensregler"}]},{"@type":"WebSite","@id":"https:\/\/saudafjordcamping.no\/#website","url":"https:\/\/saudafjordcamping.no\/","name":"Sauda Fjord Camping","description":"From fjord to mountains","potentialAction":[{"@type":"SearchAction","target":{"@type":"EntryPoint","urlTemplate":"https:\/\/saudafjordcamping.no\/?s={search_term_string}"},"query-input":{"@type":"PropertyValueSpecification","valueRequired":true,"valueName":"search_term_string"}}],"inLanguage":"en-US"}]}},"jetpack_sharing_enabled":true,"_links":{"self":[{"href":"https:\/\/saudafjordcamping.no\/en\/wp-json\/wp\/v2\/pages\/5065","targetHints":{"allow":["GET"]}}],"collection":[{"href":"https:\/\/saudafjordcamping.no\/en\/wp-json\/wp\/v2\/pages"}],"about":[{"href":"https:\/\/saudafjordcamping.no\/en\/wp-json\/wp\/v2\/types\/page"}],"author":[{"embeddable":true,"href":"https:\/\/saudafjordcamping.no\/en\/wp-json\/wp\/v2\/users\/4"}],"replies":[{"embeddable":true,"href":"https:\/\/saudafjordcamping.no\/en\/wp-json\/wp\/v2\/comments?post=5065"}],"version-history":[{"count":0,"href":"https:\/\/saudafjordcamping.no\/en\/wp-json\/wp\/v2\/pages\/5065\/revisions"}],"wp:attachment":[{"href":"https:\/\/saudafjordcamping.no\/en\/wp-json\/wp\/v2\/media?parent=5065"}],"curies":[{"name":"wp","href":"https:\/\/api.w.org\/{rel}","templated":true}]}}