{"id":5037,"date":"2024-11-11T18:22:03","date_gmt":"2024-11-11T17:22:03","guid":{"rendered":"https:\/\/saudafjordcamping.no\/batutleie\/"},"modified":"2026-03-16T00:33:30","modified_gmt":"2026-03-15T23:33:30","slug":"batutleie","status":"publish","type":"page","link":"https:\/\/saudafjordcamping.no\/de\/batutleie\/","title":{"rendered":"Bootsverleih"},"content":{"rendered":"<div class=\"wpb-content-wrapper\"><p>[vc_row][vc_column][vc_raw_html]W3Jldl9zbGlkZXIgYWxpYXM9ImJhdG9nZmlza2UiXQ==[\/vc_raw_html][\/vc_column][\/vc_row][vc_row][vc_column][vc_empty_space height=&#8220;40&#8243;][vc_column_text]<\/p>\n<div class=\"wpb_text_column wpb_content_element overnatting\">\n<div class=\"wpb_wrapper\">\n<div class=\"wpb_text_column wpb_content_element overnatting\">\n<div class=\"wpb_wrapper\">\n<div class=\"wpb_text_column wpb_content_element overnatting\">\n<div class=\"wpb_wrapper\">\n<div id=\"1577197923\" class=\"dmRespRow u_1577197923 fullBleedChanged fullBleedMode\">\n<div id=\"1519147610\" class=\"dmRespColsWrapper\">\n<div id=\"1934865398\" class=\"u_1934865398 dmRespCol small-12 medium-12 large-12\">\n<div id=\"1286060413\" class=\"u_1286060413 dmNewParagraph\" data-element-type=\"paragraph\" data-version=\"5\">\n<h3 class=\"text-align-center m-size-16 size-20\" style=\"text-align: center;\"><span class=\"font-size-20 m-font-size-16\">\u00dcbrigens:<\/span><\/h3>\n<h3 class=\"text-align-center m-size-16 size-20\" style=\"text-align: center;\"><span class=\"font-size-20 m-font-size-16\">Wir sind ein registriertes touristisches Fischereiunternehmen!<\/span><\/h3>\n<\/div>\n<\/div>\n<\/div>\n<\/div>\n<div id=\"pa_9849818\" class=\"u_pa_9849818 dmRespRow fullBleedChanged fullBleedMode\">\n<div id=\"1531282196\" class=\"dmRespColsWrapper\">\n<div id=\"1100626824\" class=\"u_1100626824 dmRespCol small-12 medium-12 large-12\">\n<div id=\"1186410985\" class=\"u_1186410985 dmNewParagraph\" data-version=\"5\">\n<p>Erleben Sie die Wunder dieser Erde aus n\u00e4chster N\u00e4he, sp\u00fcren Sie die Harmonie der Natur, genie\u00dfen Sie die Freiheit \u2013 Angeln in Norwegen.<\/p>\n<p>Bitte halten Sie die vorgeschriebenen Mindestma\u00dfe f\u00fcr Fische ein, um die Fischbest\u00e4nde in den Fjorden und in allen norwegischen Gew\u00e4ssern zu sch\u00fctzen. Wenn Sie einen zu kleinen Fisch fangen, haken Sie ihn bitte vorsichtig ab und setzen Sie ihn zur\u00fcck ins Wasser. Ein schwer verletzter oder toter Fisch kann selbstverst\u00e4ndlich mit nach Hause genommen und verzehrt werden. Ein fairer Umgang mit Natur und Tieren sichert den Fischreichtum f\u00fcr Ihren n\u00e4chsten Angelurlaub bei uns in Norwegen.<\/p>\n<p>Vollst\u00e4ndige Tabellen \u00fcber die Mindestma\u00dfe von Fischen sowie die aktuellen Vorschriften f\u00fcr die Fischerei vor der norwegischen K\u00fcste und in den Fjorden sind beim Fiskeridirektoratet erh\u00e4ltlich.<\/p>\n<\/div>\n<\/div>\n<\/div>\n<\/div>\n<\/div>\n<\/div>\n<\/div>\n<\/div>\n<\/div>\n<\/div>\n<p>[\/vc_column_text]\n\t<div class=\"nd_options_section nd_options_text_align_center\">\n\t<a style=\"border: px solid;border-radius:0px;letter-spacing:px;line-height:11px;font-size:11px;background-color:#17648D;padding:15px 35px;margin:20px;color:#ffffff\" rel=\"\" href=\"https:\/\/www.fiskeridir.no\/\" class=\"nicdark_display_inline_block  nd_options_font_weight_bold nd_options_second_font  \">FISKERIDIREKTORATET<\/a>\n\t<\/div>\n[\/vc_column][\/vc_row][vc_row][vc_column][vc_empty_space height=&#8220;40&#8243;][vc_column_text]<\/p>\n<div id=\"1659138380\" class=\"u_1659138380 dmNewParagraph\" data-element-type=\"paragraph\" data-version=\"5\">\n<p class=\"text-align-center m-size-19 size-24\"><span class=\"m-font-size-19 font-size-24\">Unsere Boote ab 6 \u2013 einschlie\u00dflich 25\/30 PS \u2013 k\u00f6nnen ohne F\u00fchrerschein gefahren werden!<\/span><\/p>\n<p class=\"text-align-center\">Allgemeine Informationen!<\/p>\n<p class=\"text-align-left\">Alle motorisierten Boote haben vor der Abfahrt einen vollen Kraftstofftank sowie Reservekraftstoff an Bord. Eine Rettungsweste wird f\u00fcr jede Person an Bord zur Verf\u00fcgung gestellt. Wir empfehlen diese zu tragen.<\/p>\n<p class=\"text-align-left\">Des Weiteren befinden sich Ruder, Bootshaken und Sch\u00f6pfkellen auf jedem motorisierten Boot. Auf Anfrage stellen wir Ihnen auch gerne eine Fischtransportkiste zur Verf\u00fcgung.<\/p>\n<\/div>\n<p>[\/vc_column_text][\/vc_column][\/vc_row][vc_row][vc_column][vc_empty_space height=&#8220;30&#8243;][vc_column_text css=&#8220;&#8220;]<\/p>\n<h1 style=\"text-align: center;\">PREISE<\/h1>\n<p>[\/vc_column_text][vc_separator][vc_empty_space height=&#8220;30&#8243;][\/vc_column][\/vc_row][vc_row][vc_column width=&#8220;1\/4&#8243;][vc_column_text css=&#8220;&#8220;]<strong>4 STUNDEN<\/strong><\/p>\n<p>*SUP-BOARD KR -\/-<\/p>\n<p>*KANU KR -\/-<\/p>\n<p>06 PS BOOT NOK 450,-<\/p>\n<p>20 PS BOOT NOK 850,-<\/p>\n<p>30 PS BOOT 950,-<\/p>\n<p>40 PS BOOT NOK 1050,-<\/p>\n<p>50 PS BOOT 1150,-<\/p>\n<p>60 PS BOOT NOK 1250,-[\/vc_column_text][\/vc_column][vc_column width=&#8220;1\/4&#8243;][vc_column_text css=&#8220;&#8220;]<strong>6 STUNDEN<\/strong><\/p>\n<p>*SUP-BOARD KR -\/-<\/p>\n<p>*KANU KR -\/-<\/p>\n<p>06 PS BOOT NOK 700,-<\/p>\n<p>20 PS BOOT 1100 NOK,-<\/p>\n<p>30 PS BOOT 1200 NOK,-<\/p>\n<p>40 PS BOOT 1300 NOK,-<\/p>\n<p>50 PS BOOT NOK 1400,-<\/p>\n<p>60 PS BOOT 1500 NOK,-[\/vc_column_text][\/vc_column][vc_column width=&#8220;1\/4&#8243;][vc_column_text css=&#8220;&#8220;]<strong>TAG<\/strong><\/p>\n<p>*SUP-BOARD NOK 400,-<\/p>\n<p>*KANU KR 500,-<\/p>\n<p>06 PS BOOT 900 NOK,-<\/p>\n<p>20 PS BOOT 1300 NOK,-<\/p>\n<p>30 PS BOOT 1400 NOK,-<\/p>\n<p>40 PS BOOT 1500 NOK,-<\/p>\n<p>50 PS BOOT 1800 NOK,-<\/p>\n<p>60 PS BOOT 1900 NOK,-[\/vc_column_text][\/vc_column][vc_column width=&#8220;1\/4&#8243;][vc_column_text css=&#8220;&#8220;]<strong>WOCHE<\/strong><\/p>\n<p>*SUP-BOARD KR -\/-<\/p>\n<p>*KANU KR -\/-<\/p>\n<p>06 PS BOOT NOK 5750,-<\/p>\n<p>20 PS BOOT NOK 7750,-<\/p>\n<p>30 PS BOOT NOK 8750,-<\/p>\n<p>40 PS BOOT 9750,-<\/p>\n<p>50 PS BOOT NOK 10750,-<\/p>\n<p>60 PS BOOT NOK 11750,-[\/vc_column_text][\/vc_column][\/vc_row][vc_row][vc_column][vc_empty_space height=&#8220;30&#8243;][vc_column_text css=&#8220;&#8220;]* &#8211; Kann nicht vorbestellt werden[\/vc_column_text][\/vc_column][\/vc_row][vc_row][vc_column][vc_empty_space height=&#8220;50&#8243;][vc_separator][vc_empty_space height=&#8220;40&#8243;][\/vc_column][\/vc_row][vc_row][vc_column][vc_column_text]<\/p>\n<h2>Ben\u00f6tigen Sie eine \u00dcbernachtung? Schauen Sie hier..<\/h2>\n<p>[\/vc_column_text][vc_empty_space height=&#8220;40&#8243;][\/vc_column][\/vc_row][vc_row][vc_column width=&#8220;1\/3&#8243;][vc_single_image image=&#8220;4587&#8243; img_size=&#8220;5760&#215;3840&#8243; css=&#8220;&#8220;][vc_empty_space height=&#8220;20&#8243;][vc_column_text]<\/p>\n<h2>Bootshaus<\/h2>\n<p>Die Wohnung im Bootshaus ist eine tolle Ferienwohnung f\u00fcr 7 Personen. Hier k\u00f6nnen Sie die Aussicht wirklich genie\u00dfen.[\/vc_column_text][\/vc_column][vc_column width=&#8220;1\/3&#8243;][vc_single_image image=&#8220;4605&#8243; img_size=&#8220;5760&#215;3840&#8243; css=&#8220;&#8220;][vc_empty_space height=&#8220;20&#8243;][vc_column_text css=&#8220;&#8220;]<\/p>\n<h2>H\u00fctten<\/h2>\n<p>Sauda Fjord Camping verf\u00fcgt \u00fcber insgesamt 18 H\u00fctten am Fjord mit Platz f\u00fcr 4 &#8211; 6 Personen.<br \/>\n[\/vc_column_text][\/vc_column][vc_column width=&#8220;1\/3&#8243;][vc_single_image image=&#8220;2165&#8243; img_size=&#8220;5760&#215;3840&#8243;][vc_empty_space height=&#8220;20&#8243;][vc_column_text]<\/p>\n<h2>Wohnung<\/h2>\n<p>Bei Sportellet haben wir eine tolle Wohnung f\u00fcr 5 Personen.[\/vc_column_text][\/vc_column][\/vc_row][vc_row][vc_column width=&#8220;1\/3&#8243;]\n\t<div class=\"nd_options_section nd_options_text_align_center\">\n\t<a style=\"border: px solid;border-radius:0px;letter-spacing:px;line-height:11px;font-size:11px;background-color:#17648D;padding:15px 35px;margin:20px;color:#ffffff\" rel=\"\" href=\"https:\/\/saudafjordcamping.no\/naustet\/\" class=\"nicdark_display_inline_block  nd_options_font_weight_bold nd_options_second_font  \">MER INFORMASJON<\/a>\n\t<\/div>\n[\/vc_column][vc_column width=&#8220;1\/3&#8243;]\n\t<div class=\"nd_options_section nd_options_text_align_center\">\n\t<a style=\"border: px solid;border-radius:0px;letter-spacing:px;line-height:11px;font-size:11px;background-color:#17648D;padding:15px 35px;margin:20px;color:#ffffff\" rel=\"\" href=\"https:\/\/saudafjordcamping.no\/sportell\/\" class=\"nicdark_display_inline_block  nd_options_font_weight_bold nd_options_second_font  \">MER INFORMASJON<\/a>\n\t<\/div>\n[\/vc_column][vc_column width=&#8220;1\/3&#8243;]\n\t<div class=\"nd_options_section nd_options_text_align_center\">\n\t<a style=\"border: px solid;border-radius:0px;letter-spacing:px;line-height:11px;font-size:11px;background-color:#17648D;padding:15px 35px;margin:20px;color:#ffffff\" rel=\"\" href=\"https:\/\/saudafjordcamping.no\/leilighet\/\" class=\"nicdark_display_inline_block  nd_options_font_weight_bold nd_options_second_font  \">MER INFORMASJON<\/a>\n\t<\/div>\n[\/vc_column][\/vc_row][vc_row][vc_column][vc_empty_space height=&#8220;40&#8243;][\/vc_column][\/vc_row]<\/p>\n<\/div>","protected":false},"excerpt":{"rendered":"<p>[vc_row][vc_column][vc_raw_html]W3Jldl9zbGlkZXIgYWxpYXM9ImJhdG9nZmlza2UiXQ==[\/vc_raw_html][\/vc_column][\/vc_row][vc_row][vc_column][vc_empty_space height=&#8220;40&#8243;][vc_column_text] \u00dcbrigens: Wir sind ein registriertes touristisches Fischereiunternehmen! Erleben Sie die Wunder dieser Erde aus n\u00e4chster N\u00e4he, sp\u00fcren Sie die Harmonie der Natur, genie\u00dfen Sie die Freiheit \u2013 Angeln in Norwegen. Bitte halten Sie die vorgeschriebenen Mindestma\u00dfe f\u00fcr Fische ein, um die Fischbest\u00e4nde in den Fjorden und in allen norwegischen Gew\u00e4ssern zu sch\u00fctzen. Wenn [&hellip;]<\/p>\n","protected":false},"author":4,"featured_media":2123,"parent":0,"menu_order":0,"comment_status":"closed","ping_status":"closed","template":"","meta":{"_monsterinsights_skip_tracking":false,"_monsterinsights_sitenote_active":false,"_monsterinsights_sitenote_note":"","_monsterinsights_sitenote_category":0,"footnotes":""},"class_list":["post-5037","page","type-page","status-publish","has-post-thumbnail","hentry"],"yoast_head":"<!-- This site is optimized with the Yoast SEO plugin v27.5 - https:\/\/yoast.com\/product\/yoast-seo-wordpress\/ -->\n<title>Bootsvermietung in Sauda \u2013 Sauda Fjord Camping<\/title>\n<meta name=\"description\" content=\"Boot mieten am Saudafjord bei Sauda Fjord Camping in Ryfylke, Norwegen. Ideal zum Angeln und f\u00fcr Fjordtouren in sch\u00f6ner Natur.\" \/>\n<meta name=\"robots\" content=\"index, follow, max-snippet:-1, max-image-preview:large, max-video-preview:-1\" \/>\n<link rel=\"canonical\" href=\"https:\/\/saudafjordcamping.no\/de\/batutleie\/\" \/>\n<meta property=\"og:locale\" content=\"de_DE\" \/>\n<meta property=\"og:type\" content=\"article\" \/>\n<meta property=\"og:title\" content=\"Bootsvermietung in Sauda \u2013 Sauda Fjord Camping\" \/>\n<meta property=\"og:description\" content=\"Boot mieten am Saudafjord bei Sauda Fjord Camping in Ryfylke, Norwegen. Ideal zum Angeln und f\u00fcr Fjordtouren in sch\u00f6ner Natur.\" \/>\n<meta property=\"og:url\" content=\"https:\/\/saudafjordcamping.no\/de\/batutleie\/\" \/>\n<meta property=\"og:site_name\" content=\"Sauda Fjord Camping\" \/>\n<meta property=\"article:modified_time\" content=\"2026-03-15T23:33:30+00:00\" \/>\n<meta property=\"og:image\" content=\"https:\/\/saudafjordcamping.no\/wp-content\/uploads\/2017\/06\/naustet.png\" \/>\n\t<meta property=\"og:image:width\" content=\"800\" \/>\n\t<meta property=\"og:image:height\" content=\"600\" \/>\n\t<meta property=\"og:image:type\" content=\"image\/png\" \/>\n<meta name=\"twitter:card\" content=\"summary_large_image\" \/>\n<meta name=\"twitter:label1\" content=\"Gesch\u00e4tzte Lesezeit\" \/>\n\t<meta name=\"twitter:data1\" content=\"3\u00a0Minuten\" \/>\n<script type=\"application\/ld+json\" class=\"yoast-schema-graph\">{\"@context\":\"https:\\\/\\\/schema.org\",\"@graph\":[{\"@type\":\"WebPage\",\"@id\":\"https:\\\/\\\/saudafjordcamping.no\\\/de\\\/batutleie\\\/\",\"url\":\"https:\\\/\\\/saudafjordcamping.no\\\/de\\\/batutleie\\\/\",\"name\":\"Bootsvermietung in Sauda \u2013 Sauda Fjord Camping\",\"isPartOf\":{\"@id\":\"https:\\\/\\\/saudafjordcamping.no\\\/#website\"},\"primaryImageOfPage\":{\"@id\":\"https:\\\/\\\/saudafjordcamping.no\\\/de\\\/batutleie\\\/#primaryimage\"},\"image\":{\"@id\":\"https:\\\/\\\/saudafjordcamping.no\\\/de\\\/batutleie\\\/#primaryimage\"},\"thumbnailUrl\":\"https:\\\/\\\/saudafjordcamping.no\\\/wp-content\\\/uploads\\\/2017\\\/06\\\/naustet.png\",\"datePublished\":\"2024-11-11T17:22:03+00:00\",\"dateModified\":\"2026-03-15T23:33:30+00:00\",\"description\":\"Boot mieten am Saudafjord bei Sauda Fjord Camping in Ryfylke, Norwegen. Ideal zum Angeln und f\u00fcr Fjordtouren in sch\u00f6ner Natur.\",\"breadcrumb\":{\"@id\":\"https:\\\/\\\/saudafjordcamping.no\\\/de\\\/batutleie\\\/#breadcrumb\"},\"inLanguage\":\"de\",\"potentialAction\":[{\"@type\":\"ReadAction\",\"target\":[\"https:\\\/\\\/saudafjordcamping.no\\\/de\\\/batutleie\\\/\"]}]},{\"@type\":\"ImageObject\",\"inLanguage\":\"de\",\"@id\":\"https:\\\/\\\/saudafjordcamping.no\\\/de\\\/batutleie\\\/#primaryimage\",\"url\":\"https:\\\/\\\/saudafjordcamping.no\\\/wp-content\\\/uploads\\\/2017\\\/06\\\/naustet.png\",\"contentUrl\":\"https:\\\/\\\/saudafjordcamping.no\\\/wp-content\\\/uploads\\\/2017\\\/06\\\/naustet.png\",\"width\":800,\"height\":600},{\"@type\":\"BreadcrumbList\",\"@id\":\"https:\\\/\\\/saudafjordcamping.no\\\/de\\\/batutleie\\\/#breadcrumb\",\"itemListElement\":[{\"@type\":\"ListItem\",\"position\":1,\"name\":\"Zuhause\",\"item\":\"https:\\\/\\\/saudafjordcamping.no\\\/de\\\/\"},{\"@type\":\"ListItem\",\"position\":2,\"name\":\"Bootsverleih\"}]},{\"@type\":\"WebSite\",\"@id\":\"https:\\\/\\\/saudafjordcamping.no\\\/#website\",\"url\":\"https:\\\/\\\/saudafjordcamping.no\\\/\",\"name\":\"Sauda Fjord Camping\",\"description\":\"Fra fjord til fjell\",\"potentialAction\":[{\"@type\":\"SearchAction\",\"target\":{\"@type\":\"EntryPoint\",\"urlTemplate\":\"https:\\\/\\\/saudafjordcamping.no\\\/?s={search_term_string}\"},\"query-input\":{\"@type\":\"PropertyValueSpecification\",\"valueRequired\":true,\"valueName\":\"search_term_string\"}}],\"inLanguage\":\"de\"}]}<\/script>\n<!-- \/ Yoast SEO plugin. -->","yoast_head_json":{"title":"Bootsvermietung in Sauda \u2013 Sauda Fjord Camping","description":"Boot mieten am Saudafjord bei Sauda Fjord Camping in Ryfylke, Norwegen. Ideal zum Angeln und f\u00fcr Fjordtouren in sch\u00f6ner Natur.","robots":{"index":"index","follow":"follow","max-snippet":"max-snippet:-1","max-image-preview":"max-image-preview:large","max-video-preview":"max-video-preview:-1"},"canonical":"https:\/\/saudafjordcamping.no\/de\/batutleie\/","og_locale":"de_DE","og_type":"article","og_title":"Bootsvermietung in Sauda \u2013 Sauda Fjord Camping","og_description":"Boot mieten am Saudafjord bei Sauda Fjord Camping in Ryfylke, Norwegen. Ideal zum Angeln und f\u00fcr Fjordtouren in sch\u00f6ner Natur.","og_url":"https:\/\/saudafjordcamping.no\/de\/batutleie\/","og_site_name":"Sauda Fjord Camping","article_modified_time":"2026-03-15T23:33:30+00:00","og_image":[{"width":800,"height":600,"url":"https:\/\/saudafjordcamping.no\/wp-content\/uploads\/2017\/06\/naustet.png","type":"image\/png"}],"twitter_card":"summary_large_image","twitter_misc":{"Gesch\u00e4tzte Lesezeit":"3\u00a0Minuten"},"schema":{"@context":"https:\/\/schema.org","@graph":[{"@type":"WebPage","@id":"https:\/\/saudafjordcamping.no\/de\/batutleie\/","url":"https:\/\/saudafjordcamping.no\/de\/batutleie\/","name":"Bootsvermietung in Sauda \u2013 Sauda Fjord Camping","isPartOf":{"@id":"https:\/\/saudafjordcamping.no\/#website"},"primaryImageOfPage":{"@id":"https:\/\/saudafjordcamping.no\/de\/batutleie\/#primaryimage"},"image":{"@id":"https:\/\/saudafjordcamping.no\/de\/batutleie\/#primaryimage"},"thumbnailUrl":"https:\/\/saudafjordcamping.no\/wp-content\/uploads\/2017\/06\/naustet.png","datePublished":"2024-11-11T17:22:03+00:00","dateModified":"2026-03-15T23:33:30+00:00","description":"Boot mieten am Saudafjord bei Sauda Fjord Camping in Ryfylke, Norwegen. Ideal zum Angeln und f\u00fcr Fjordtouren in sch\u00f6ner Natur.","breadcrumb":{"@id":"https:\/\/saudafjordcamping.no\/de\/batutleie\/#breadcrumb"},"inLanguage":"de","potentialAction":[{"@type":"ReadAction","target":["https:\/\/saudafjordcamping.no\/de\/batutleie\/"]}]},{"@type":"ImageObject","inLanguage":"de","@id":"https:\/\/saudafjordcamping.no\/de\/batutleie\/#primaryimage","url":"https:\/\/saudafjordcamping.no\/wp-content\/uploads\/2017\/06\/naustet.png","contentUrl":"https:\/\/saudafjordcamping.no\/wp-content\/uploads\/2017\/06\/naustet.png","width":800,"height":600},{"@type":"BreadcrumbList","@id":"https:\/\/saudafjordcamping.no\/de\/batutleie\/#breadcrumb","itemListElement":[{"@type":"ListItem","position":1,"name":"Zuhause","item":"https:\/\/saudafjordcamping.no\/de\/"},{"@type":"ListItem","position":2,"name":"Bootsverleih"}]},{"@type":"WebSite","@id":"https:\/\/saudafjordcamping.no\/#website","url":"https:\/\/saudafjordcamping.no\/","name":"Sauda Fjord Camping","description":"Fra fjord til fjell","potentialAction":[{"@type":"SearchAction","target":{"@type":"EntryPoint","urlTemplate":"https:\/\/saudafjordcamping.no\/?s={search_term_string}"},"query-input":{"@type":"PropertyValueSpecification","valueRequired":true,"valueName":"search_term_string"}}],"inLanguage":"de"}]}},"jetpack_sharing_enabled":true,"_links":{"self":[{"href":"https:\/\/saudafjordcamping.no\/de\/wp-json\/wp\/v2\/pages\/5037","targetHints":{"allow":["GET"]}}],"collection":[{"href":"https:\/\/saudafjordcamping.no\/de\/wp-json\/wp\/v2\/pages"}],"about":[{"href":"https:\/\/saudafjordcamping.no\/de\/wp-json\/wp\/v2\/types\/page"}],"author":[{"embeddable":true,"href":"https:\/\/saudafjordcamping.no\/de\/wp-json\/wp\/v2\/users\/4"}],"replies":[{"embeddable":true,"href":"https:\/\/saudafjordcamping.no\/de\/wp-json\/wp\/v2\/comments?post=5037"}],"version-history":[{"count":8,"href":"https:\/\/saudafjordcamping.no\/de\/wp-json\/wp\/v2\/pages\/5037\/revisions"}],"predecessor-version":[{"id":5053,"href":"https:\/\/saudafjordcamping.no\/de\/wp-json\/wp\/v2\/pages\/5037\/revisions\/5053"}],"wp:featuredmedia":[{"embeddable":true,"href":"https:\/\/saudafjordcamping.no\/de\/wp-json\/wp\/v2\/media\/2123"}],"wp:attachment":[{"href":"https:\/\/saudafjordcamping.no\/de\/wp-json\/wp\/v2\/media?parent=5037"}],"curies":[{"name":"wp","href":"https:\/\/api.w.org\/{rel}","templated":true}]}}