{"id":3316,"date":"2020-06-08T15:05:08","date_gmt":"2020-06-08T13:05:08","guid":{"rendered":"https:\/\/saudafjordcamping.no\/overnatting\/"},"modified":"2023-11-17T16:58:38","modified_gmt":"2023-11-17T15:58:38","slug":"overnatting","status":"publish","type":"page","link":"https:\/\/saudafjordcamping.no\/de\/overnatting\/","title":{"rendered":"\u00dcbernachtungen"},"content":{"rendered":"<div class=\"wpb-content-wrapper\"><p>[vc_row][vc_column][vc_column_text]<\/p>\n<h1 style=\"text-align: center;\">SAUDA FJORD CAMPING<\/h1>\n<p style=\"text-align: center;\">VOM FJORD ZU DEN BERGEN<\/p>\n<p>[\/vc_column_text][vc_empty_space height=&#8220;10&#8243;][vc_separator el_width=&#8220;10&#8243;][vc_empty_space height=&#8220;40&#8243;][\/vc_column][\/vc_row][vc_row][vc_column width=&#8220;1\/3&#8243;][vc_single_image image=&#8220;1799&#8243; img_size=&#8220;full&#8220; onclick=&#8220;custom_link&#8220; link=&#8220;https:\/\/saudafjordcamping.no\/de\/huette\/&#8220;][vc_empty_space height=&#8220;10&#8243;]\n\t<div class=\"nd_options_section nd_options_text_align_center\">\n\t<a style=\"border: px solid;border-radius:0px;letter-spacing:px;line-height:15px;font-size:15px;background-color:#dd3333;padding:15px 35px;margin:20px;color:#ffffff\" rel=\"\" href=\"https:\/\/saudafjordcamping.no\/de\/huette\/\" class=\"nicdark_display_inline_block  nd_options_font_weight_bold nd_options_second_font  \">H\u00fctten<\/a>\n\t<\/div>\n[vc_column_text]Sauda Fjord Camping verf\u00fcgt \u00fcber insgesamt 18 H\u00fctten am Fjord mit Platz f\u00fcr 4 &#8211; 6 Personen.[\/vc_column_text][\/vc_column][vc_column width=&#8220;1\/3&#8243;][vc_single_image image=&#8220;1801&#8243; img_size=&#8220;full&#8220; onclick=&#8220;custom_link&#8220; link=&#8220;https:\/\/saudafjordcamping.no\/de\/bootshaus\/&#8220;][vc_empty_space height=&#8220;10&#8243;]\n\t<div class=\"nd_options_section nd_options_text_align_center\">\n\t<a style=\"border: px solid;border-radius:0px;letter-spacing:px;line-height:15px;font-size:15px;background-color:#dd9933;padding:15px 35px;margin:20px;color:#ffffff\" rel=\"\" href=\"https:\/\/saudafjordcamping.no\/de\/bootshaus\/\" class=\"nicdark_display_inline_block  nd_options_font_weight_bold nd_options_second_font  \">Bootshaus<\/a>\n\t<\/div>\n[vc_column_text]Die Wohnung in die bootshaus ist eine tolle Wohnung zu vermieten f\u00fcr 7 Personen. Hier k\u00f6nnen Sie die Aussicht wirklich genie\u00dfen.[\/vc_column_text][\/vc_column][vc_column width=&#8220;1\/3&#8243;][vc_single_image image=&#8220;1823&#8243; img_size=&#8220;full&#8220; onclick=&#8220;custom_link&#8220; link=&#8220;https:\/\/saudafjordcamping.no\/de\/wohnung\/&#8220;][vc_empty_space height=&#8220;10&#8243;]\n\t<div class=\"nd_options_section nd_options_text_align_center\">\n\t<a style=\"border: px solid;border-radius:0px;letter-spacing:px;line-height:15px;font-size:15px;background-color:#8224e3;padding:15px 35px;margin:20px;color:#ffffff\" rel=\"\" href=\"https:\/\/saudafjordcamping.no\/de\/wohnung\/\" class=\"nicdark_display_inline_block  nd_options_font_weight_bold nd_options_second_font  \">Wohnung<\/a>\n\t<\/div>\n[vc_column_text]Bei Sportellet haben wir eine tolle Wohnung f\u00fcr 5 Personen, mit gro\u00dfer Terrasse und guter K\u00fcche.[\/vc_column_text][\/vc_column][\/vc_row][vc_row][vc_column][vc_empty_space height=&#8220;40&#8243;][\/vc_column][\/vc_row][vc_row][vc_column width=&#8220;1\/6&#8243;][\/vc_column][vc_column width=&#8220;2\/6&#8243;][vc_single_image image=&#8220;1841&#8243; img_size=&#8220;full&#8220; onclick=&#8220;custom_link&#8220; link=&#8220;https:\/\/saudafjordcamping.no\/de\/sportell\/&#8220;][vc_empty_space height=&#8220;10&#8243;]\n\t<div class=\"nd_options_section nd_options_text_align_center\">\n\t<a style=\"border: px solid;border-radius:0px;letter-spacing:px;line-height:15px;font-size:15px;background-color:#1e73be;padding:15px 35px;margin:20px;color:#ffffff\" rel=\"\" href=\"https:\/\/saudafjordcamping.no\/de\/sportell\/\" class=\"nicdark_display_inline_block  nd_options_font_weight_bold nd_options_second_font  \">Sportell<\/a>\n\t<\/div>\n[vc_column_text]Perfekte Unterkunft f\u00fcr Unternehmen, Gruppen, die eine soziale, okay und erschwingliche Unterkunft wollen.[\/vc_column_text][\/vc_column][vc_column width=&#8220;2\/6&#8243;][vc_single_image image=&#8220;1834&#8243; img_size=&#8220;full&#8220; onclick=&#8220;custom_link&#8220; link=&#8220;https:\/\/saudafjordcamping.no\/camp\/&#8220;][vc_empty_space height=&#8220;10&#8243;]\n\t<div class=\"nd_options_section nd_options_text_align_center\">\n\t<a style=\"border: px solid;border-radius:0px;letter-spacing:px;line-height:15px;font-size:15px;background-color:#4cd140;padding:15px 35px;margin:20px;color:#ffffff\" rel=\"\" href=\"https:\/\/saudafjordcamping.no\/de\/camping\/\" class=\"nicdark_display_inline_block  nd_options_font_weight_bold nd_options_second_font  \">Camping<\/a>\n\t<\/div>\n[vc_column_text]Sauda Fjord Camping hat eine Kapazit\u00e4t von ca. 100 Stellpl\u00e4tzen f\u00fcr Wohnmobile \/ Zelte.[\/vc_column_text][\/vc_column][vc_column width=&#8220;1\/6&#8243;][\/vc_column][\/vc_row]<\/p>\n<\/div>","protected":false},"excerpt":{"rendered":"<p>[vc_row][vc_column][vc_column_text] SAUDA FJORD CAMPING VOM FJORD ZU DEN BERGEN [\/vc_column_text][vc_empty_space height=&#8220;10&#8243;][vc_separator el_width=&#8220;10&#8243;][vc_empty_space height=&#8220;40&#8243;][\/vc_column][\/vc_row][vc_row][vc_column width=&#8220;1\/3&#8243;][vc_single_image image=&#8220;1799&#8243; img_size=&#8220;full&#8220; onclick=&#8220;custom_link&#8220; link=&#8220;https:\/\/saudafjordcamping.no\/de\/huette\/&#8220;][vc_empty_space height=&#8220;10&#8243;][vc_column_text]Sauda Fjord Camping verf\u00fcgt \u00fcber insgesamt 18 H\u00fctten am Fjord mit Platz f\u00fcr 4 &#8211; 6 Personen.[\/vc_column_text][\/vc_column][vc_column width=&#8220;1\/3&#8243;][vc_single_image image=&#8220;1801&#8243; img_size=&#8220;full&#8220; onclick=&#8220;custom_link&#8220; link=&#8220;https:\/\/saudafjordcamping.no\/de\/bootshaus\/&#8220;][vc_empty_space height=&#8220;10&#8243;][vc_column_text]Die Wohnung in die bootshaus ist eine tolle Wohnung zu vermieten f\u00fcr 7 Personen. Hier [&hellip;]<\/p>\n","protected":false},"author":2,"featured_media":2191,"parent":0,"menu_order":0,"comment_status":"closed","ping_status":"closed","template":"","meta":{"_monsterinsights_skip_tracking":false,"_monsterinsights_sitenote_active":false,"_monsterinsights_sitenote_note":"","_monsterinsights_sitenote_category":0,"footnotes":""},"class_list":["post-3316","page","type-page","status-publish","has-post-thumbnail","hentry"],"yoast_head":"<!-- This site is optimized with the Yoast SEO plugin v27.5 - https:\/\/yoast.com\/product\/yoast-seo-wordpress\/ -->\n<title>\u00dcbernachtung in Sauda - Sauda Fjordcamping - Vom Fjord zum Berg<\/title>\n<meta name=\"description\" content=\"\u00dcbersicht unserer Unterkunftsm\u00f6glichkeiten. Bei uns wohnen Sie mitten zwischen Fjord und Berg. Das Sauda Center und das Sauda Ski Center befinden sich in unmittelbarer N\u00e4he.\" \/>\n<meta name=\"robots\" content=\"index, follow, max-snippet:-1, max-image-preview:large, max-video-preview:-1\" \/>\n<link rel=\"canonical\" href=\"https:\/\/saudafjordcamping.no\/de\/overnatting\/\" \/>\n<meta property=\"og:locale\" content=\"de_DE\" \/>\n<meta property=\"og:type\" content=\"article\" \/>\n<meta property=\"og:title\" content=\"\u00dcbernachtung in Sauda - Sauda Fjordcamping - Vom Fjord zum Berg\" \/>\n<meta property=\"og:description\" content=\"\u00dcbersicht unserer Unterkunftsm\u00f6glichkeiten. Bei uns wohnen Sie mitten zwischen Fjord und Berg. Das Sauda Center und das Sauda Ski Center befinden sich in unmittelbarer N\u00e4he.\" \/>\n<meta property=\"og:url\" content=\"https:\/\/saudafjordcamping.no\/de\/overnatting\/\" \/>\n<meta property=\"og:site_name\" content=\"Sauda Fjord Camping\" \/>\n<meta property=\"article:modified_time\" content=\"2023-11-17T15:58:38+00:00\" \/>\n<meta property=\"og:image\" content=\"https:\/\/saudafjordcamping.no\/wp-content\/uploads\/2020\/06\/DJI_0011-scaled.jpg\" \/>\n\t<meta property=\"og:image:width\" content=\"2560\" \/>\n\t<meta property=\"og:image:height\" content=\"1919\" \/>\n\t<meta property=\"og:image:type\" content=\"image\/jpeg\" \/>\n<meta name=\"twitter:card\" content=\"summary_large_image\" \/>\n<meta name=\"twitter:label1\" content=\"Gesch\u00e4tzte Lesezeit\" \/>\n\t<meta name=\"twitter:data1\" content=\"1\u00a0Minute\" \/>\n<script type=\"application\/ld+json\" class=\"yoast-schema-graph\">{\"@context\":\"https:\\\/\\\/schema.org\",\"@graph\":[{\"@type\":\"WebPage\",\"@id\":\"https:\\\/\\\/saudafjordcamping.no\\\/de\\\/overnatting\\\/\",\"url\":\"https:\\\/\\\/saudafjordcamping.no\\\/de\\\/overnatting\\\/\",\"name\":\"\u00dcbernachtung in Sauda - Sauda Fjordcamping - Vom Fjord zum Berg\",\"isPartOf\":{\"@id\":\"https:\\\/\\\/saudafjordcamping.no\\\/#website\"},\"primaryImageOfPage\":{\"@id\":\"https:\\\/\\\/saudafjordcamping.no\\\/de\\\/overnatting\\\/#primaryimage\"},\"image\":{\"@id\":\"https:\\\/\\\/saudafjordcamping.no\\\/de\\\/overnatting\\\/#primaryimage\"},\"thumbnailUrl\":\"https:\\\/\\\/saudafjordcamping.no\\\/wp-content\\\/uploads\\\/2020\\\/06\\\/DJI_0011-scaled.jpg\",\"datePublished\":\"2020-06-08T13:05:08+00:00\",\"dateModified\":\"2023-11-17T15:58:38+00:00\",\"description\":\"\u00dcbersicht unserer Unterkunftsm\u00f6glichkeiten. Bei uns wohnen Sie mitten zwischen Fjord und Berg. Das Sauda Center und das Sauda Ski Center befinden sich in unmittelbarer N\u00e4he.\",\"breadcrumb\":{\"@id\":\"https:\\\/\\\/saudafjordcamping.no\\\/de\\\/overnatting\\\/#breadcrumb\"},\"inLanguage\":\"de\",\"potentialAction\":[{\"@type\":\"ReadAction\",\"target\":[\"https:\\\/\\\/saudafjordcamping.no\\\/de\\\/overnatting\\\/\"]}]},{\"@type\":\"ImageObject\",\"inLanguage\":\"de\",\"@id\":\"https:\\\/\\\/saudafjordcamping.no\\\/de\\\/overnatting\\\/#primaryimage\",\"url\":\"https:\\\/\\\/saudafjordcamping.no\\\/wp-content\\\/uploads\\\/2020\\\/06\\\/DJI_0011-scaled.jpg\",\"contentUrl\":\"https:\\\/\\\/saudafjordcamping.no\\\/wp-content\\\/uploads\\\/2020\\\/06\\\/DJI_0011-scaled.jpg\",\"width\":2560,\"height\":1919},{\"@type\":\"BreadcrumbList\",\"@id\":\"https:\\\/\\\/saudafjordcamping.no\\\/de\\\/overnatting\\\/#breadcrumb\",\"itemListElement\":[{\"@type\":\"ListItem\",\"position\":1,\"name\":\"Zuhause\",\"item\":\"https:\\\/\\\/saudafjordcamping.no\\\/de\\\/\"},{\"@type\":\"ListItem\",\"position\":2,\"name\":\"\u00dcbernachtungen\"}]},{\"@type\":\"WebSite\",\"@id\":\"https:\\\/\\\/saudafjordcamping.no\\\/#website\",\"url\":\"https:\\\/\\\/saudafjordcamping.no\\\/\",\"name\":\"Sauda Fjord Camping\",\"description\":\"Fra fjord til fjell\",\"potentialAction\":[{\"@type\":\"SearchAction\",\"target\":{\"@type\":\"EntryPoint\",\"urlTemplate\":\"https:\\\/\\\/saudafjordcamping.no\\\/?s={search_term_string}\"},\"query-input\":{\"@type\":\"PropertyValueSpecification\",\"valueRequired\":true,\"valueName\":\"search_term_string\"}}],\"inLanguage\":\"de\"}]}<\/script>\n<!-- \/ Yoast SEO plugin. -->","yoast_head_json":{"title":"\u00dcbernachtung in Sauda - Sauda Fjordcamping - Vom Fjord zum Berg","description":"\u00dcbersicht unserer Unterkunftsm\u00f6glichkeiten. Bei uns wohnen Sie mitten zwischen Fjord und Berg. Das Sauda Center und das Sauda Ski Center befinden sich in unmittelbarer N\u00e4he.","robots":{"index":"index","follow":"follow","max-snippet":"max-snippet:-1","max-image-preview":"max-image-preview:large","max-video-preview":"max-video-preview:-1"},"canonical":"https:\/\/saudafjordcamping.no\/de\/overnatting\/","og_locale":"de_DE","og_type":"article","og_title":"\u00dcbernachtung in Sauda - Sauda Fjordcamping - Vom Fjord zum Berg","og_description":"\u00dcbersicht unserer Unterkunftsm\u00f6glichkeiten. Bei uns wohnen Sie mitten zwischen Fjord und Berg. Das Sauda Center und das Sauda Ski Center befinden sich in unmittelbarer N\u00e4he.","og_url":"https:\/\/saudafjordcamping.no\/de\/overnatting\/","og_site_name":"Sauda Fjord Camping","article_modified_time":"2023-11-17T15:58:38+00:00","og_image":[{"width":2560,"height":1919,"url":"https:\/\/saudafjordcamping.no\/wp-content\/uploads\/2020\/06\/DJI_0011-scaled.jpg","type":"image\/jpeg"}],"twitter_card":"summary_large_image","twitter_misc":{"Gesch\u00e4tzte Lesezeit":"1\u00a0Minute"},"schema":{"@context":"https:\/\/schema.org","@graph":[{"@type":"WebPage","@id":"https:\/\/saudafjordcamping.no\/de\/overnatting\/","url":"https:\/\/saudafjordcamping.no\/de\/overnatting\/","name":"\u00dcbernachtung in Sauda - Sauda Fjordcamping - Vom Fjord zum Berg","isPartOf":{"@id":"https:\/\/saudafjordcamping.no\/#website"},"primaryImageOfPage":{"@id":"https:\/\/saudafjordcamping.no\/de\/overnatting\/#primaryimage"},"image":{"@id":"https:\/\/saudafjordcamping.no\/de\/overnatting\/#primaryimage"},"thumbnailUrl":"https:\/\/saudafjordcamping.no\/wp-content\/uploads\/2020\/06\/DJI_0011-scaled.jpg","datePublished":"2020-06-08T13:05:08+00:00","dateModified":"2023-11-17T15:58:38+00:00","description":"\u00dcbersicht unserer Unterkunftsm\u00f6glichkeiten. Bei uns wohnen Sie mitten zwischen Fjord und Berg. Das Sauda Center und das Sauda Ski Center befinden sich in unmittelbarer N\u00e4he.","breadcrumb":{"@id":"https:\/\/saudafjordcamping.no\/de\/overnatting\/#breadcrumb"},"inLanguage":"de","potentialAction":[{"@type":"ReadAction","target":["https:\/\/saudafjordcamping.no\/de\/overnatting\/"]}]},{"@type":"ImageObject","inLanguage":"de","@id":"https:\/\/saudafjordcamping.no\/de\/overnatting\/#primaryimage","url":"https:\/\/saudafjordcamping.no\/wp-content\/uploads\/2020\/06\/DJI_0011-scaled.jpg","contentUrl":"https:\/\/saudafjordcamping.no\/wp-content\/uploads\/2020\/06\/DJI_0011-scaled.jpg","width":2560,"height":1919},{"@type":"BreadcrumbList","@id":"https:\/\/saudafjordcamping.no\/de\/overnatting\/#breadcrumb","itemListElement":[{"@type":"ListItem","position":1,"name":"Zuhause","item":"https:\/\/saudafjordcamping.no\/de\/"},{"@type":"ListItem","position":2,"name":"\u00dcbernachtungen"}]},{"@type":"WebSite","@id":"https:\/\/saudafjordcamping.no\/#website","url":"https:\/\/saudafjordcamping.no\/","name":"Sauda Fjord Camping","description":"Fra fjord til fjell","potentialAction":[{"@type":"SearchAction","target":{"@type":"EntryPoint","urlTemplate":"https:\/\/saudafjordcamping.no\/?s={search_term_string}"},"query-input":{"@type":"PropertyValueSpecification","valueRequired":true,"valueName":"search_term_string"}}],"inLanguage":"de"}]}},"jetpack_sharing_enabled":true,"_links":{"self":[{"href":"https:\/\/saudafjordcamping.no\/de\/wp-json\/wp\/v2\/pages\/3316","targetHints":{"allow":["GET"]}}],"collection":[{"href":"https:\/\/saudafjordcamping.no\/de\/wp-json\/wp\/v2\/pages"}],"about":[{"href":"https:\/\/saudafjordcamping.no\/de\/wp-json\/wp\/v2\/types\/page"}],"author":[{"embeddable":true,"href":"https:\/\/saudafjordcamping.no\/de\/wp-json\/wp\/v2\/users\/2"}],"replies":[{"embeddable":true,"href":"https:\/\/saudafjordcamping.no\/de\/wp-json\/wp\/v2\/comments?post=3316"}],"version-history":[{"count":17,"href":"https:\/\/saudafjordcamping.no\/de\/wp-json\/wp\/v2\/pages\/3316\/revisions"}],"predecessor-version":[{"id":4221,"href":"https:\/\/saudafjordcamping.no\/de\/wp-json\/wp\/v2\/pages\/3316\/revisions\/4221"}],"wp:featuredmedia":[{"embeddable":true,"href":"https:\/\/saudafjordcamping.no\/de\/wp-json\/wp\/v2\/media\/2191"}],"wp:attachment":[{"href":"https:\/\/saudafjordcamping.no\/de\/wp-json\/wp\/v2\/media?parent=3316"}],"curies":[{"name":"wp","href":"https:\/\/api.w.org\/{rel}","templated":true}]}}