{"id":3276,"date":"2022-03-07T21:24:29","date_gmt":"2022-03-07T20:24:29","guid":{"rendered":"https:\/\/saudafjordcamping.no\/sportell\/"},"modified":"2024-10-02T05:01:06","modified_gmt":"2024-10-02T03:01:06","slug":"sportell","status":"publish","type":"page","link":"https:\/\/saudafjordcamping.no\/de\/sportell\/","title":{"rendered":"Sportell"},"content":{"rendered":"<div class=\"wpb-content-wrapper\"><p>[vc_row][vc_column][vc_raw_html]JTVCcmV2X3NsaWRlciUyMGFsaWFzJTNEJTIyc3BvcnRlbGxldCUyMiU1RA==[\/vc_raw_html][\/vc_column][\/vc_row][vc_row][vc_column width=&#8220;1\/4&#8243;][vc_empty_space height=&#8220;50&#8243;][vc_single_image image=&#8220;3020&#8243; img_size=&#8220;50&#215;50&#8243; alignment=&#8220;center&#8220;][vc_empty_space height=&#8220;15&#8243;][vc_column_text css=&#8220;&#8220;]<\/p>\n<p style=\"text-align: center;\">1-2 G\u00c4STE<\/p>\n<p>[\/vc_column_text][\/vc_column][vc_column width=&#8220;1\/4&#8243;][vc_empty_space height=&#8220;50&#8243;][vc_single_image image=&#8220;3024&#8243; img_size=&#8220;50&#215;50&#8243; alignment=&#8220;center&#8220;][vc_empty_space height=&#8220;15&#8243;][vc_column_text]<\/p>\n<p style=\"text-align: center;\">12 m\u00b2<\/p>\n<p>[\/vc_column_text][\/vc_column][vc_column width=&#8220;1\/4&#8243;][vc_empty_space height=&#8220;50&#8243;]\n\t\n\t<a style=\"border: px solid;border-radius:0px;letter-spacing:px;line-height:11px;font-size:11px;background-color:#17648d;padding:15px 35px;margin:20px;color:#ffffff\" rel=\"\" href=\"https:\/\/saudafjordcamping.no\/booking\/\" class=\"nicdark_display_inline_block nd_options_float_left nd_options_font_weight_bold nd_options_second_font  \">JETZT BUCHEN<\/a>\n\t\n[vc_empty_space height=&#8220;15&#8243;][\/vc_column][vc_column width=&#8220;1\/4&#8243;][\/vc_column][\/vc_row][vc_row][vc_column][vc_empty_space height=&#8220;30&#8243;][vc_separator][vc_empty_space height=&#8220;50&#8243;][vc_column_text css=&#8220;&#8220;]<\/p>\n<div class=\"wpb_text_column wpb_content_element overnatting\">\n<div class=\"wpb_wrapper\">\n<div class=\"wpb_text_column wpb_content_element overnatting\">\n<div class=\"wpb_wrapper\">\n<div class=\"wpb_text_column wpb_content_element overnatting\">\n<div class=\"wpb_wrapper\">\n<div class=\"wpb_text_column wpb_content_element overnatting\">\n<div class=\"wpb_wrapper\">\n<div class=\"wpb_text_column wpb_content_element overnatting\">\n<div class=\"wpb_wrapper\">\n<div class=\"wpb_text_column wpb_content_element overnatting\">\n<div class=\"wpb_wrapper\">\n<h2>Doppelzimmer im Sportell<\/h2>\n<p>Das Sportell ist eine perfekte Unterkunft f\u00fcr Firmen, Gruppen, Teams und Vereine, die eine soziale und erschwingliche Unterkunft suchen.<br \/>\nDas Sportell verf\u00fcgt \u00fcber 19 Doppelzimmer. Das Sportell verf\u00fcgt \u00fcber eine Gemeinschaftsk\u00fcche und ein Wohnzimmer. Der Au\u00dfenbereich ist gro\u00df und verf\u00fcgt \u00fcber ein Trampolin und einen Fu\u00dfballplatz.<\/p>\n<p>Doppelzimmer sind f\u00fcr zwei Erwachsene ausgelegt, das Zimmer hat ein Etagenbett oder Doppelbett.<\/p>\n<p>Die Zimmer verf\u00fcgen \u00fcber ein Badezimmer mit Dusche und WC, Internet, Bettdecke, Kopfkissen und Bettw\u00e4sche.<\/p>\n<\/div>\n<\/div>\n<\/div>\n<\/div>\n<\/div>\n<\/div>\n<\/div>\n<\/div>\n<\/div>\n<\/div>\n<\/div>\n<\/div>\n<p>[\/vc_column_text][\/vc_column][\/vc_row][vc_row][vc_column][vc_empty_space height=&#8220;50&#8243;][vc_separator][vc_empty_space height=&#8220;40&#8243;][\/vc_column][\/vc_row][vc_row][vc_column][vc_column_text]<\/p>\n<h2>\u00c4hnliche Unterk\u00fcnfte<\/h2>\n<p>[\/vc_column_text][vc_empty_space height=&#8220;40&#8243;][\/vc_column][\/vc_row][vc_row][vc_column width=&#8220;1\/3&#8243;][vc_single_image image=&#8220;1799&#8243; img_size=&#8220;5760&#215;3840&#8243;][vc_empty_space height=&#8220;20&#8243;][vc_column_text]<\/p>\n<h2>H\u00fctten<\/h2>\n<p>Sauda Fjord Camping hat 18 H\u00fctten am Fjord mit Platz f\u00fcr 4 bis 6 Personen.[\/vc_column_text]\n\t<div class=\"nd_options_section nd_options_text_align_center\">\n\t<a style=\"border: px solid;border-radius:0px;letter-spacing:px;line-height:11px;font-size:11px;background-color:#17648d;padding:15px 35px;margin:20px;color:#ffffff\" rel=\"\" href=\"https:\/\/saudafjordcamping.no\/hytter\/\" class=\"nicdark_display_inline_block  nd_options_font_weight_bold nd_options_second_font  \">MEHR INFORMATIONEN<\/a>\n\t<\/div>\n[\/vc_column][vc_column width=&#8220;1\/3&#8243;][vc_single_image image=&#8220;1801&#8243; img_size=&#8220;5760&#215;3840&#8243;][vc_empty_space height=&#8220;20&#8243;][vc_column_text]<\/p>\n<h2>Bootshaus<\/h2>\n<p>Die Wohnung in Naustet ist eine tolle Wohnung zu vermieten f\u00fcr 7 Personen. Hier k\u00f6nnen Sie die Aussicht wirklich genie\u00dfen.[\/vc_column_text]\n\t<div class=\"nd_options_section nd_options_text_align_center\">\n\t<a style=\"border: px solid;border-radius:0px;letter-spacing:px;line-height:11px;font-size:11px;background-color:#17648d;padding:15px 35px;margin:20px;color:#ffffff\" rel=\"\" href=\"https:\/\/saudafjordcamping.no\/naustet\/\" class=\"nicdark_display_inline_block  nd_options_font_weight_bold nd_options_second_font  \">MEHR INFORMATIONEN<\/a>\n\t<\/div>\n[\/vc_column][vc_column width=&#8220;1\/3&#8243;][vc_single_image image=&#8220;1823&#8243; img_size=&#8220;5760&#215;3840&#8243;][vc_empty_space height=&#8220;20&#8243;][vc_column_text]<\/p>\n<h2>Wohnung<\/h2>\n<p>Bei Sportellet haben wir eine tolle Wohnung f\u00fcr 5 Personen, mit gro\u00dfer Terrasse und guter K\u00fcche.[\/vc_column_text]\n\t<div class=\"nd_options_section nd_options_text_align_center\">\n\t<a style=\"border: px solid;border-radius:0px;letter-spacing:px;line-height:11px;font-size:11px;background-color:#17648d;padding:15px 35px;margin:20px;color:#ffffff\" rel=\"\" href=\"https:\/\/saudafjordcamping.no\/leilighet\/\" class=\"nicdark_display_inline_block  nd_options_font_weight_bold nd_options_second_font  \">MEHR INFORMATIONEN<\/a>\n\t<\/div>\n[\/vc_column][\/vc_row][vc_row][vc_column][vc_empty_space height=&#8220;40&#8243;][\/vc_column][\/vc_row]<\/p>\n<\/div>","protected":false},"excerpt":{"rendered":"<p>[vc_row][vc_column][vc_raw_html]JTVCcmV2X3NsaWRlciUyMGFsaWFzJTNEJTIyc3BvcnRlbGxldCUyMiU1RA==[\/vc_raw_html][\/vc_column][\/vc_row][vc_row][vc_column width=&#8220;1\/4&#8243;][vc_empty_space height=&#8220;50&#8243;][vc_single_image image=&#8220;3020&#8243; img_size=&#8220;50&#215;50&#8243; alignment=&#8220;center&#8220;][vc_empty_space height=&#8220;15&#8243;][vc_column_text css=&#8220;&#8220;] 1-2 G\u00c4STE [\/vc_column_text][\/vc_column][vc_column width=&#8220;1\/4&#8243;][vc_empty_space height=&#8220;50&#8243;][vc_single_image image=&#8220;3024&#8243; img_size=&#8220;50&#215;50&#8243; alignment=&#8220;center&#8220;][vc_empty_space height=&#8220;15&#8243;][vc_column_text] 12 m\u00b2 [\/vc_column_text][\/vc_column][vc_column width=&#8220;1\/4&#8243;][vc_empty_space height=&#8220;50&#8243;][vc_empty_space height=&#8220;15&#8243;][\/vc_column][vc_column width=&#8220;1\/4&#8243;][\/vc_column][\/vc_row][vc_row][vc_column][vc_empty_space height=&#8220;30&#8243;][vc_separator][vc_empty_space height=&#8220;50&#8243;][vc_column_text css=&#8220;&#8220;] Doppelzimmer im Sportell Das Sportell ist eine perfekte Unterkunft f\u00fcr Firmen, Gruppen, Teams und Vereine, die eine soziale und erschwingliche Unterkunft suchen. Das Sportell verf\u00fcgt \u00fcber 19 Doppelzimmer. [&hellip;]<\/p>\n","protected":false},"author":4,"featured_media":2123,"parent":0,"menu_order":0,"comment_status":"closed","ping_status":"closed","template":"","meta":{"_monsterinsights_skip_tracking":false,"_monsterinsights_sitenote_active":false,"_monsterinsights_sitenote_note":"","_monsterinsights_sitenote_category":0,"footnotes":""},"class_list":["post-3276","page","type-page","status-publish","has-post-thumbnail","hentry"],"yoast_head":"<!-- This site is optimized with the Yoast SEO plugin v27.5 - https:\/\/yoast.com\/product\/yoast-seo-wordpress\/ -->\n<title>Sportell - Sauda Fjord Camping<\/title>\n<meta name=\"robots\" content=\"index, follow, max-snippet:-1, max-image-preview:large, max-video-preview:-1\" \/>\n<link rel=\"canonical\" href=\"https:\/\/saudafjordcamping.no\/de\/sportell\/\" \/>\n<meta property=\"og:locale\" content=\"de_DE\" \/>\n<meta property=\"og:type\" content=\"article\" \/>\n<meta property=\"og:title\" content=\"Sportell - Sauda Fjord Camping\" \/>\n<meta property=\"og:description\" content=\"[vc_row][vc_column][vc_raw_html]JTVCcmV2X3NsaWRlciUyMGFsaWFzJTNEJTIyc3BvcnRlbGxldCUyMiU1RA==[\/vc_raw_html][\/vc_column][\/vc_row][vc_row][vc_column width=&#8220;1\/4&#8243;][vc_empty_space height=&#8220;50&#8243;][vc_single_image image=&#8220;3020&#8243; img_size=&#8220;50&#215;50&#8243; alignment=&#8220;center&#8220;][vc_empty_space height=&#8220;15&#8243;][vc_column_text css=&#8220;&#8220;] 1-2 G\u00c4STE [\/vc_column_text][\/vc_column][vc_column width=&#8220;1\/4&#8243;][vc_empty_space height=&#8220;50&#8243;][vc_single_image image=&#8220;3024&#8243; img_size=&#8220;50&#215;50&#8243; alignment=&#8220;center&#8220;][vc_empty_space height=&#8220;15&#8243;][vc_column_text] 12 m\u00b2 [\/vc_column_text][\/vc_column][vc_column width=&#8220;1\/4&#8243;][vc_empty_space height=&#8220;50&#8243;][vc_empty_space height=&#8220;15&#8243;][\/vc_column][vc_column width=&#8220;1\/4&#8243;][\/vc_column][\/vc_row][vc_row][vc_column][vc_empty_space height=&#8220;30&#8243;][vc_separator][vc_empty_space height=&#8220;50&#8243;][vc_column_text css=&#8220;&#8220;] Doppelzimmer im Sportell Das Sportell ist eine perfekte Unterkunft f\u00fcr Firmen, Gruppen, Teams und Vereine, die eine soziale und erschwingliche Unterkunft suchen. Das Sportell verf\u00fcgt \u00fcber 19 Doppelzimmer. [&hellip;]\" \/>\n<meta property=\"og:url\" content=\"https:\/\/saudafjordcamping.no\/de\/sportell\/\" \/>\n<meta property=\"og:site_name\" content=\"Sauda Fjord Camping\" \/>\n<meta property=\"article:modified_time\" content=\"2024-10-02T03:01:06+00:00\" \/>\n<meta property=\"og:image\" content=\"https:\/\/saudafjordcamping.no\/wp-content\/uploads\/2017\/06\/naustet.png\" \/>\n\t<meta property=\"og:image:width\" content=\"800\" \/>\n\t<meta property=\"og:image:height\" content=\"600\" \/>\n\t<meta property=\"og:image:type\" content=\"image\/png\" \/>\n<meta name=\"twitter:card\" content=\"summary_large_image\" \/>\n<meta name=\"twitter:label1\" content=\"Gesch\u00e4tzte Lesezeit\" \/>\n\t<meta name=\"twitter:data1\" content=\"2\u00a0Minuten\" \/>\n<script type=\"application\/ld+json\" class=\"yoast-schema-graph\">{\"@context\":\"https:\\\/\\\/schema.org\",\"@graph\":[{\"@type\":\"WebPage\",\"@id\":\"https:\\\/\\\/saudafjordcamping.no\\\/de\\\/sportell\\\/\",\"url\":\"https:\\\/\\\/saudafjordcamping.no\\\/de\\\/sportell\\\/\",\"name\":\"Sportell - Sauda Fjord Camping\",\"isPartOf\":{\"@id\":\"https:\\\/\\\/saudafjordcamping.no\\\/#website\"},\"primaryImageOfPage\":{\"@id\":\"https:\\\/\\\/saudafjordcamping.no\\\/de\\\/sportell\\\/#primaryimage\"},\"image\":{\"@id\":\"https:\\\/\\\/saudafjordcamping.no\\\/de\\\/sportell\\\/#primaryimage\"},\"thumbnailUrl\":\"https:\\\/\\\/saudafjordcamping.no\\\/wp-content\\\/uploads\\\/2017\\\/06\\\/naustet.png\",\"datePublished\":\"2022-03-07T20:24:29+00:00\",\"dateModified\":\"2024-10-02T03:01:06+00:00\",\"breadcrumb\":{\"@id\":\"https:\\\/\\\/saudafjordcamping.no\\\/de\\\/sportell\\\/#breadcrumb\"},\"inLanguage\":\"de\",\"potentialAction\":[{\"@type\":\"ReadAction\",\"target\":[\"https:\\\/\\\/saudafjordcamping.no\\\/de\\\/sportell\\\/\"]}]},{\"@type\":\"ImageObject\",\"inLanguage\":\"de\",\"@id\":\"https:\\\/\\\/saudafjordcamping.no\\\/de\\\/sportell\\\/#primaryimage\",\"url\":\"https:\\\/\\\/saudafjordcamping.no\\\/wp-content\\\/uploads\\\/2017\\\/06\\\/naustet.png\",\"contentUrl\":\"https:\\\/\\\/saudafjordcamping.no\\\/wp-content\\\/uploads\\\/2017\\\/06\\\/naustet.png\",\"width\":800,\"height\":600},{\"@type\":\"BreadcrumbList\",\"@id\":\"https:\\\/\\\/saudafjordcamping.no\\\/de\\\/sportell\\\/#breadcrumb\",\"itemListElement\":[{\"@type\":\"ListItem\",\"position\":1,\"name\":\"Zuhause\",\"item\":\"https:\\\/\\\/saudafjordcamping.no\\\/de\\\/\"},{\"@type\":\"ListItem\",\"position\":2,\"name\":\"Sportell\"}]},{\"@type\":\"WebSite\",\"@id\":\"https:\\\/\\\/saudafjordcamping.no\\\/#website\",\"url\":\"https:\\\/\\\/saudafjordcamping.no\\\/\",\"name\":\"Sauda Fjord Camping\",\"description\":\"Fra fjord til fjell\",\"potentialAction\":[{\"@type\":\"SearchAction\",\"target\":{\"@type\":\"EntryPoint\",\"urlTemplate\":\"https:\\\/\\\/saudafjordcamping.no\\\/?s={search_term_string}\"},\"query-input\":{\"@type\":\"PropertyValueSpecification\",\"valueRequired\":true,\"valueName\":\"search_term_string\"}}],\"inLanguage\":\"de\"}]}<\/script>\n<!-- \/ Yoast SEO plugin. -->","yoast_head_json":{"title":"Sportell - Sauda Fjord Camping","robots":{"index":"index","follow":"follow","max-snippet":"max-snippet:-1","max-image-preview":"max-image-preview:large","max-video-preview":"max-video-preview:-1"},"canonical":"https:\/\/saudafjordcamping.no\/de\/sportell\/","og_locale":"de_DE","og_type":"article","og_title":"Sportell - Sauda Fjord Camping","og_description":"[vc_row][vc_column][vc_raw_html]JTVCcmV2X3NsaWRlciUyMGFsaWFzJTNEJTIyc3BvcnRlbGxldCUyMiU1RA==[\/vc_raw_html][\/vc_column][\/vc_row][vc_row][vc_column width=&#8220;1\/4&#8243;][vc_empty_space height=&#8220;50&#8243;][vc_single_image image=&#8220;3020&#8243; img_size=&#8220;50&#215;50&#8243; alignment=&#8220;center&#8220;][vc_empty_space height=&#8220;15&#8243;][vc_column_text css=&#8220;&#8220;] 1-2 G\u00c4STE [\/vc_column_text][\/vc_column][vc_column width=&#8220;1\/4&#8243;][vc_empty_space height=&#8220;50&#8243;][vc_single_image image=&#8220;3024&#8243; img_size=&#8220;50&#215;50&#8243; alignment=&#8220;center&#8220;][vc_empty_space height=&#8220;15&#8243;][vc_column_text] 12 m\u00b2 [\/vc_column_text][\/vc_column][vc_column width=&#8220;1\/4&#8243;][vc_empty_space height=&#8220;50&#8243;][vc_empty_space height=&#8220;15&#8243;][\/vc_column][vc_column width=&#8220;1\/4&#8243;][\/vc_column][\/vc_row][vc_row][vc_column][vc_empty_space height=&#8220;30&#8243;][vc_separator][vc_empty_space height=&#8220;50&#8243;][vc_column_text css=&#8220;&#8220;] Doppelzimmer im Sportell Das Sportell ist eine perfekte Unterkunft f\u00fcr Firmen, Gruppen, Teams und Vereine, die eine soziale und erschwingliche Unterkunft suchen. Das Sportell verf\u00fcgt \u00fcber 19 Doppelzimmer. [&hellip;]","og_url":"https:\/\/saudafjordcamping.no\/de\/sportell\/","og_site_name":"Sauda Fjord Camping","article_modified_time":"2024-10-02T03:01:06+00:00","og_image":[{"width":800,"height":600,"url":"https:\/\/saudafjordcamping.no\/wp-content\/uploads\/2017\/06\/naustet.png","type":"image\/png"}],"twitter_card":"summary_large_image","twitter_misc":{"Gesch\u00e4tzte Lesezeit":"2\u00a0Minuten"},"schema":{"@context":"https:\/\/schema.org","@graph":[{"@type":"WebPage","@id":"https:\/\/saudafjordcamping.no\/de\/sportell\/","url":"https:\/\/saudafjordcamping.no\/de\/sportell\/","name":"Sportell - Sauda Fjord Camping","isPartOf":{"@id":"https:\/\/saudafjordcamping.no\/#website"},"primaryImageOfPage":{"@id":"https:\/\/saudafjordcamping.no\/de\/sportell\/#primaryimage"},"image":{"@id":"https:\/\/saudafjordcamping.no\/de\/sportell\/#primaryimage"},"thumbnailUrl":"https:\/\/saudafjordcamping.no\/wp-content\/uploads\/2017\/06\/naustet.png","datePublished":"2022-03-07T20:24:29+00:00","dateModified":"2024-10-02T03:01:06+00:00","breadcrumb":{"@id":"https:\/\/saudafjordcamping.no\/de\/sportell\/#breadcrumb"},"inLanguage":"de","potentialAction":[{"@type":"ReadAction","target":["https:\/\/saudafjordcamping.no\/de\/sportell\/"]}]},{"@type":"ImageObject","inLanguage":"de","@id":"https:\/\/saudafjordcamping.no\/de\/sportell\/#primaryimage","url":"https:\/\/saudafjordcamping.no\/wp-content\/uploads\/2017\/06\/naustet.png","contentUrl":"https:\/\/saudafjordcamping.no\/wp-content\/uploads\/2017\/06\/naustet.png","width":800,"height":600},{"@type":"BreadcrumbList","@id":"https:\/\/saudafjordcamping.no\/de\/sportell\/#breadcrumb","itemListElement":[{"@type":"ListItem","position":1,"name":"Zuhause","item":"https:\/\/saudafjordcamping.no\/de\/"},{"@type":"ListItem","position":2,"name":"Sportell"}]},{"@type":"WebSite","@id":"https:\/\/saudafjordcamping.no\/#website","url":"https:\/\/saudafjordcamping.no\/","name":"Sauda Fjord Camping","description":"Fra fjord til fjell","potentialAction":[{"@type":"SearchAction","target":{"@type":"EntryPoint","urlTemplate":"https:\/\/saudafjordcamping.no\/?s={search_term_string}"},"query-input":{"@type":"PropertyValueSpecification","valueRequired":true,"valueName":"search_term_string"}}],"inLanguage":"de"}]}},"jetpack_sharing_enabled":true,"_links":{"self":[{"href":"https:\/\/saudafjordcamping.no\/de\/wp-json\/wp\/v2\/pages\/3276","targetHints":{"allow":["GET"]}}],"collection":[{"href":"https:\/\/saudafjordcamping.no\/de\/wp-json\/wp\/v2\/pages"}],"about":[{"href":"https:\/\/saudafjordcamping.no\/de\/wp-json\/wp\/v2\/types\/page"}],"author":[{"embeddable":true,"href":"https:\/\/saudafjordcamping.no\/de\/wp-json\/wp\/v2\/users\/4"}],"replies":[{"embeddable":true,"href":"https:\/\/saudafjordcamping.no\/de\/wp-json\/wp\/v2\/comments?post=3276"}],"version-history":[{"count":30,"href":"https:\/\/saudafjordcamping.no\/de\/wp-json\/wp\/v2\/pages\/3276\/revisions"}],"predecessor-version":[{"id":4560,"href":"https:\/\/saudafjordcamping.no\/de\/wp-json\/wp\/v2\/pages\/3276\/revisions\/4560"}],"wp:featuredmedia":[{"embeddable":true,"href":"https:\/\/saudafjordcamping.no\/de\/wp-json\/wp\/v2\/media\/2123"}],"wp:attachment":[{"href":"https:\/\/saudafjordcamping.no\/de\/wp-json\/wp\/v2\/media?parent=3276"}],"curies":[{"name":"wp","href":"https:\/\/api.w.org\/{rel}","templated":true}]}}