{"id":3261,"date":"2022-03-07T21:04:34","date_gmt":"2022-03-07T20:04:34","guid":{"rendered":"https:\/\/saudafjordcamping.no\/leilighet\/"},"modified":"2024-10-02T04:58:20","modified_gmt":"2024-10-02T02:58:20","slug":"wohnung","status":"publish","type":"page","link":"https:\/\/saudafjordcamping.no\/de\/wohnung\/","title":{"rendered":"Wohnung"},"content":{"rendered":"<div class=\"wpb-content-wrapper\"><p>[vc_row][vc_column]\n\t\t\t<!-- START leilighet REVOLUTION SLIDER 6.6.20 --><p class=\"rs-p-wp-fix\"><\/p>\n\t\t\t<rs-module-wrap id=\"rev_slider_4_1_wrapper\" data-source=\"gallery\" style=\"visibility:hidden;background:transparent;padding:0;margin:0px auto;margin-top:0;margin-bottom:0;\">\n\t\t\t\t<rs-module id=\"rev_slider_4_1\" style=\"\" data-version=\"6.6.20\">\n\t\t\t\t\t<rs-slides style=\"overflow: hidden; position: absolute;\">\n\t\t\t\t\t\t<rs-slide style=\"position: absolute;\" data-key=\"rs-12\" data-title=\"Slide\" data-thumb=\"\/\/saudafjordcamping.no\/wp-content\/uploads\/2020\/06\/S8C6228-scaled-50x100.jpg\" data-in=\"o:0;\" data-out=\"a:false;\">\n\t\t\t\t\t\t\t<img decoding=\"async\" src=\"\/\/saudafjordcamping.no\/wp-content\/plugins\/revslider-4\/public\/assets\/assets\/dummy.png\" alt=\"Stuen i leilighet\" title=\"_S8C6228\" width=\"2560\" height=\"1707\" class=\"rev-slidebg tp-rs-img rs-lazyload\" data-lazyload=\"\/\/saudafjordcamping.no\/wp-content\/uploads\/2020\/06\/S8C6228-scaled.jpg\" data-bg=\"p:0% 65%;\" data-no-retina>\n<!---->\t\t\t\t\t\t<\/rs-slide>\n\t\t\t\t\t\t<rs-slide style=\"position: absolute;\" data-key=\"rs-13\" data-title=\"Slide\" data-thumb=\"\/\/saudafjordcamping.no\/wp-content\/uploads\/2020\/06\/S8C6245-scaled-50x100.jpg\" data-anim=\"ms:1000;r:0;\" data-in=\"o:0;\" data-out=\"a:false;\">\n\t\t\t\t\t\t\t<img decoding=\"async\" src=\"\/\/saudafjordcamping.no\/wp-content\/plugins\/revslider-4\/public\/assets\/assets\/dummy.png\" alt=\"kj\u00f8kken leilighet\" title=\"_S8C6245\" width=\"2560\" height=\"1707\" class=\"rev-slidebg tp-rs-img rs-lazyload\" data-lazyload=\"\/\/saudafjordcamping.no\/wp-content\/uploads\/2020\/06\/S8C6245-scaled.jpg\" data-no-retina>\n<!---->\t\t\t\t\t\t<\/rs-slide>\n\t\t\t\t\t\t<rs-slide style=\"position: absolute;\" data-key=\"rs-14\" data-title=\"Slide\" data-thumb=\"\/\/saudafjordcamping.no\/wp-content\/uploads\/2020\/06\/S8C6263-scaled-50x100.jpg\" data-anim=\"ms:1000;r:0;\" data-in=\"o:0;\" data-out=\"a:false;\">\n\t\t\t\t\t\t\t<img decoding=\"async\" src=\"\/\/saudafjordcamping.no\/wp-content\/plugins\/revslider-4\/public\/assets\/assets\/dummy.png\" alt=\"Soverom leilighet\" title=\"_S8C6263\" width=\"2560\" height=\"1707\" class=\"rev-slidebg tp-rs-img rs-lazyload\" data-lazyload=\"\/\/saudafjordcamping.no\/wp-content\/uploads\/2020\/06\/S8C6263-scaled.jpg\" data-bg=\"p:0% 70%;\" data-no-retina>\n<!---->\t\t\t\t\t\t<\/rs-slide>\n\t\t\t\t\t\t<rs-slide style=\"position: absolute;\" data-key=\"rs-15\" data-title=\"Slide\" data-thumb=\"\/\/saudafjordcamping.no\/wp-content\/uploads\/2020\/06\/S8C6286-scaled-50x100.jpg\" data-anim=\"ms:1000;r:0;\" data-in=\"o:0;\" data-out=\"a:false;\">\n\t\t\t\t\t\t\t<img decoding=\"async\" src=\"\/\/saudafjordcamping.no\/wp-content\/plugins\/revslider-4\/public\/assets\/assets\/dummy.png\" alt=\"Toalett leilighet\" title=\"_S8C6286\" width=\"2560\" height=\"1707\" class=\"rev-slidebg tp-rs-img rs-lazyload\" data-lazyload=\"\/\/saudafjordcamping.no\/wp-content\/uploads\/2020\/06\/S8C6286-scaled.jpg\" data-bg=\"p:0% 75%;\" data-no-retina>\n<!---->\t\t\t\t\t\t<\/rs-slide>\n\t\t\t\t\t<\/rs-slides>\n\t\t\t\t<\/rs-module>\n\t\t\t\t<script>\n\t\t\t\t\tsetREVStartSize({c: 'rev_slider_4_1',rl:[1240,1240,1240,480],el:[650,650,650,720],gw:[1240,1240,1240,480],gh:[650,650,650,720],type:'standard',justify:'',layout:'fullwidth',mh:\"0\"});if (window.RS_MODULES!==undefined && window.RS_MODULES.modules!==undefined && window.RS_MODULES.modules[\"revslider41\"]!==undefined) {window.RS_MODULES.modules[\"revslider41\"].once = false;window.revapi4 = undefined;if (window.RS_MODULES.checkMinimal!==undefined) window.RS_MODULES.checkMinimal()}\n\t\t\t\t<\/script>\n\t\t\t<\/rs-module-wrap>\n\t\t\t<!-- END REVOLUTION SLIDER -->\n[\/vc_column][\/vc_row][vc_row][vc_column width=&#8220;1\/4&#8243;][vc_empty_space height=&#8220;50&#8243;][vc_single_image image=&#8220;3020&#8243; img_size=&#8220;50&#215;50&#8243; alignment=&#8220;center&#8220;][vc_empty_space height=&#8220;15&#8243;][vc_column_text]<\/p>\n<p style=\"text-align: center;\">5 G\u00c4STE<\/p>\n<p>[\/vc_column_text][\/vc_column][vc_column width=&#8220;1\/4&#8243;][vc_empty_space height=&#8220;50&#8243;][vc_single_image image=&#8220;3024&#8243; img_size=&#8220;50&#215;50&#8243; alignment=&#8220;center&#8220;][vc_empty_space height=&#8220;15&#8243;][vc_column_text]<\/p>\n<p style=\"text-align: center;\">68 m\u00b2<\/p>\n<p>[\/vc_column_text][\/vc_column][vc_column width=&#8220;1\/4&#8243;][vc_empty_space height=&#8220;50&#8243;]\n\t\n\t<a style=\"border: px solid;border-radius:0px;letter-spacing:px;line-height:11px;font-size:11px;background-color:#17648d;padding:15px 35px;margin:20px;color:#ffffff\" rel=\"\" href=\"https:\/\/saudafjordcamping.no\/booking\/\" class=\"nicdark_display_inline_block nd_options_float_left nd_options_font_weight_bold nd_options_second_font  \">BUCHEN SIE JETZT<\/a>\n\t\n[vc_empty_space height=&#8220;15&#8243;][\/vc_column][vc_column width=&#8220;1\/4&#8243;][\/vc_column][\/vc_row][vc_row][vc_column][vc_empty_space height=&#8220;30&#8243;][vc_separator][vc_empty_space height=&#8220;50&#8243;][vc_column_text]<\/p>\n<div class=\"wpb_text_column wpb_content_element overnatting\">\n<div class=\"wpb_wrapper\">\n<div class=\"wpb_text_column wpb_content_element overnatting\">\n<div class=\"wpb_wrapper\">\n<div class=\"wpb_text_column wpb_content_element overnatting\">\n<div class=\"wpb_wrapper\">\n<div class=\"wpb_text_column wpb_content_element overnatting\">\n<div class=\"wpb_wrapper\">\n<div class=\"wpb_text_column wpb_content_element overnatting\">\n<div class=\"wpb_wrapper\">\n<h2>Wohnung im Sportell<\/h2>\n<p>In der 2. Etage des sportells haben wir eine tolle Wohnung f\u00fcr 5 Personen. Dieses verf\u00fcgt \u00fcber zwei Schlafzimmer, ein Badezimmer mit Dusche\/WC und ein kombiniertes Wohnzimmer\/K\u00fcche. Ein TV\/Internetzugang und eine voll ausgestattete K\u00fcche mit einem Geschirrsp\u00fcler sind ebenfalls vorhanden.<\/p>\n<\/div>\n<\/div>\n<\/div>\n<\/div>\n<\/div>\n<\/div>\n<\/div>\n<\/div>\n<\/div>\n<\/div>\n<p>[\/vc_column_text][\/vc_column][\/vc_row][vc_row][vc_column][vc_empty_space height=&#8220;40&#8243;][vc_column_text]<\/p>\n<div class=\"wpb_text_column wpb_content_element overnatting\">\n<div class=\"wpb_wrapper\">\n<div class=\"wpb_text_column wpb_content_element overnatting\">\n<div class=\"wpb_wrapper\">\n<div class=\"wpb_text_column wpb_content_element overnatting\">\n<div class=\"wpb_wrapper\">\n<div class=\"wpb_text_column wpb_content_element overnatting\">\n<div class=\"wpb_wrapper\">\n<div class=\"wpb_text_column wpb_content_element overnatting\">\n<div class=\"wpb_wrapper\">Reinigung ist Obligatorisch, NOK 750,- per Wohnung.<br \/>\nBettw\u00e4sche kann f\u00fcr NOK 120,- per Person bestellt werden.<\/div>\n<\/div>\n<\/div>\n<\/div>\n<\/div>\n<\/div>\n<\/div>\n<\/div>\n<\/div>\n<\/div>\n<p>[\/vc_column_text][\/vc_column][\/vc_row][vc_row][vc_column][vc_empty_space height=&#8220;50&#8243;][vc_separator][vc_empty_space height=&#8220;40&#8243;][\/vc_column][\/vc_row][vc_row][vc_column][vc_column_text]<\/p>\n<h2>\u00c4hnliche Unterk\u00fcnfte<\/h2>\n<p>[\/vc_column_text][vc_empty_space height=&#8220;40&#8243;][\/vc_column][\/vc_row][vc_row][vc_column width=&#8220;1\/3&#8243;][vc_single_image image=&#8220;1799&#8243; img_size=&#8220;5760&#215;3840&#8243;][vc_empty_space height=&#8220;20&#8243;][vc_column_text]<\/p>\n<h2>H\u00fctten<\/h2>\n<p>Sauda Fjord Camping hat 18 H\u00fctten am Fjord mit Platz f\u00fcr 4 bis 6 Personen.[\/vc_column_text]\n\t<div class=\"nd_options_section nd_options_text_align_center\">\n\t<a style=\"border: px solid;border-radius:0px;letter-spacing:px;line-height:11px;font-size:11px;background-color:#17648d;padding:15px 35px;margin:20px;color:#ffffff\" rel=\"\" href=\"https:\/\/saudafjordcamping.no\/de\/huette\/\" class=\"nicdark_display_inline_block  nd_options_font_weight_bold nd_options_second_font  \">MEHR INFORMATIONEN<\/a>\n\t<\/div>\n[\/vc_column][vc_column width=&#8220;1\/3&#8243;][vc_single_image image=&#8220;1841&#8243; img_size=&#8220;5760&#215;3840&#8243;][vc_empty_space height=&#8220;20&#8243;][vc_column_text]<\/p>\n<h2>Sportell<\/h2>\n<p>Perfekte Unterkunft f\u00fcr Unternehmen, Gruppen, die eine soziale, okay und erschwingliche Unterkunft wollen.[\/vc_column_text]\n\t<div class=\"nd_options_section nd_options_text_align_center\">\n\t<a style=\"border: px solid;border-radius:0px;letter-spacing:px;line-height:11px;font-size:11px;background-color:#17648d;padding:15px 35px;margin:20px;color:#ffffff\" rel=\"\" href=\"https:\/\/saudafjordcamping.no\/de\/sportell\/\" class=\"nicdark_display_inline_block  nd_options_font_weight_bold nd_options_second_font  \">MEHR INFORMATIONEN<\/a>\n\t<\/div>\n[\/vc_column][vc_column width=&#8220;1\/3&#8243;][vc_single_image image=&#8220;1801&#8243; img_size=&#8220;5760&#215;3840&#8243;][vc_empty_space height=&#8220;20&#8243;][vc_column_text]<\/p>\n<h2>Bootshaus<\/h2>\n<p>Die Wohnung in Naustet ist eine tolle Wohnung zu vermieten f\u00fcr 7 Personen. Hier k\u00f6nnen Sie die Aussicht wirklich genie\u00dfen.[\/vc_column_text]\n\t<div class=\"nd_options_section nd_options_text_align_center\">\n\t<a style=\"border: px solid;border-radius:0px;letter-spacing:px;line-height:11px;font-size:11px;background-color:#17648d;padding:15px 35px;margin:20px;color:#ffffff\" rel=\"\" href=\"https:\/\/saudafjordcamping.no\/de\/bootshaus\" class=\"nicdark_display_inline_block  nd_options_font_weight_bold nd_options_second_font  \">MEHR INFORMATIONEN<\/a>\n\t<\/div>\n[\/vc_column][\/vc_row][vc_row][vc_column][vc_empty_space height=&#8220;40&#8243;][\/vc_column][\/vc_row]<\/p>\n<\/div>","protected":false},"excerpt":{"rendered":"<p>[vc_row][vc_column][\/vc_column][\/vc_row][vc_row][vc_column width=&#8220;1\/4&#8243;][vc_empty_space height=&#8220;50&#8243;][vc_single_image image=&#8220;3020&#8243; img_size=&#8220;50&#215;50&#8243; alignment=&#8220;center&#8220;][vc_empty_space height=&#8220;15&#8243;][vc_column_text] 5 G\u00c4STE [\/vc_column_text][\/vc_column][vc_column width=&#8220;1\/4&#8243;][vc_empty_space height=&#8220;50&#8243;][vc_single_image image=&#8220;3024&#8243; img_size=&#8220;50&#215;50&#8243; alignment=&#8220;center&#8220;][vc_empty_space height=&#8220;15&#8243;][vc_column_text] 68 m\u00b2 [\/vc_column_text][\/vc_column][vc_column width=&#8220;1\/4&#8243;][vc_empty_space height=&#8220;50&#8243;][vc_empty_space height=&#8220;15&#8243;][\/vc_column][vc_column width=&#8220;1\/4&#8243;][\/vc_column][\/vc_row][vc_row][vc_column][vc_empty_space height=&#8220;30&#8243;][vc_separator][vc_empty_space height=&#8220;50&#8243;][vc_column_text] Wohnung im Sportell In der 2. Etage des sportells haben wir eine tolle Wohnung f\u00fcr 5 Personen. Dieses verf\u00fcgt \u00fcber zwei Schlafzimmer, ein Badezimmer mit Dusche\/WC und ein kombiniertes Wohnzimmer\/K\u00fcche. [&hellip;]<\/p>\n","protected":false},"author":4,"featured_media":2123,"parent":0,"menu_order":0,"comment_status":"closed","ping_status":"closed","template":"","meta":{"_monsterinsights_skip_tracking":false,"_monsterinsights_sitenote_active":false,"_monsterinsights_sitenote_note":"","_monsterinsights_sitenote_category":0,"footnotes":""},"class_list":["post-3261","page","type-page","status-publish","has-post-thumbnail","hentry"],"yoast_head":"<!-- This site is optimized with the Yoast SEO plugin v27.3 - https:\/\/yoast.com\/product\/yoast-seo-wordpress\/ -->\n<title>Wohnung - Sauda Fjord Camping<\/title>\n<meta name=\"robots\" content=\"index, follow, max-snippet:-1, max-image-preview:large, max-video-preview:-1\" \/>\n<link rel=\"canonical\" href=\"https:\/\/saudafjordcamping.no\/de\/wohnung\/\" \/>\n<meta property=\"og:locale\" content=\"de_DE\" \/>\n<meta property=\"og:type\" content=\"article\" \/>\n<meta property=\"og:title\" content=\"Wohnung - Sauda Fjord Camping\" \/>\n<meta property=\"og:description\" content=\"[vc_row][vc_column][\/vc_column][\/vc_row][vc_row][vc_column width=&#8220;1\/4&#8243;][vc_empty_space height=&#8220;50&#8243;][vc_single_image image=&#8220;3020&#8243; img_size=&#8220;50&#215;50&#8243; alignment=&#8220;center&#8220;][vc_empty_space height=&#8220;15&#8243;][vc_column_text] 5 G\u00c4STE [\/vc_column_text][\/vc_column][vc_column width=&#8220;1\/4&#8243;][vc_empty_space height=&#8220;50&#8243;][vc_single_image image=&#8220;3024&#8243; img_size=&#8220;50&#215;50&#8243; alignment=&#8220;center&#8220;][vc_empty_space height=&#8220;15&#8243;][vc_column_text] 68 m\u00b2 [\/vc_column_text][\/vc_column][vc_column width=&#8220;1\/4&#8243;][vc_empty_space height=&#8220;50&#8243;][vc_empty_space height=&#8220;15&#8243;][\/vc_column][vc_column width=&#8220;1\/4&#8243;][\/vc_column][\/vc_row][vc_row][vc_column][vc_empty_space height=&#8220;30&#8243;][vc_separator][vc_empty_space height=&#8220;50&#8243;][vc_column_text] Wohnung im Sportell In der 2. Etage des sportells haben wir eine tolle Wohnung f\u00fcr 5 Personen. Dieses verf\u00fcgt \u00fcber zwei Schlafzimmer, ein Badezimmer mit Dusche\/WC und ein kombiniertes Wohnzimmer\/K\u00fcche. [&hellip;]\" \/>\n<meta property=\"og:url\" content=\"https:\/\/saudafjordcamping.no\/de\/wohnung\/\" \/>\n<meta property=\"og:site_name\" content=\"Sauda Fjord Camping\" \/>\n<meta property=\"article:modified_time\" content=\"2024-10-02T02:58:20+00:00\" \/>\n<meta property=\"og:image\" content=\"https:\/\/saudafjordcamping.no\/wp-content\/uploads\/2017\/06\/naustet.png\" \/>\n\t<meta property=\"og:image:width\" content=\"800\" \/>\n\t<meta property=\"og:image:height\" content=\"600\" \/>\n\t<meta property=\"og:image:type\" content=\"image\/png\" \/>\n<meta name=\"twitter:card\" content=\"summary_large_image\" \/>\n<meta name=\"twitter:label1\" content=\"Gesch\u00e4tzte Lesezeit\" \/>\n\t<meta name=\"twitter:data1\" content=\"2\u00a0Minuten\" \/>\n<script type=\"application\/ld+json\" class=\"yoast-schema-graph\">{\"@context\":\"https:\\\/\\\/schema.org\",\"@graph\":[{\"@type\":\"WebPage\",\"@id\":\"https:\\\/\\\/saudafjordcamping.no\\\/de\\\/wohnung\\\/\",\"url\":\"https:\\\/\\\/saudafjordcamping.no\\\/de\\\/wohnung\\\/\",\"name\":\"Wohnung - Sauda Fjord Camping\",\"isPartOf\":{\"@id\":\"https:\\\/\\\/saudafjordcamping.no\\\/#website\"},\"primaryImageOfPage\":{\"@id\":\"https:\\\/\\\/saudafjordcamping.no\\\/de\\\/wohnung\\\/#primaryimage\"},\"image\":{\"@id\":\"https:\\\/\\\/saudafjordcamping.no\\\/de\\\/wohnung\\\/#primaryimage\"},\"thumbnailUrl\":\"https:\\\/\\\/saudafjordcamping.no\\\/wp-content\\\/uploads\\\/2017\\\/06\\\/naustet.png\",\"datePublished\":\"2022-03-07T20:04:34+00:00\",\"dateModified\":\"2024-10-02T02:58:20+00:00\",\"breadcrumb\":{\"@id\":\"https:\\\/\\\/saudafjordcamping.no\\\/de\\\/wohnung\\\/#breadcrumb\"},\"inLanguage\":\"de\",\"potentialAction\":[{\"@type\":\"ReadAction\",\"target\":[\"https:\\\/\\\/saudafjordcamping.no\\\/de\\\/wohnung\\\/\"]}]},{\"@type\":\"ImageObject\",\"inLanguage\":\"de\",\"@id\":\"https:\\\/\\\/saudafjordcamping.no\\\/de\\\/wohnung\\\/#primaryimage\",\"url\":\"https:\\\/\\\/saudafjordcamping.no\\\/wp-content\\\/uploads\\\/2017\\\/06\\\/naustet.png\",\"contentUrl\":\"https:\\\/\\\/saudafjordcamping.no\\\/wp-content\\\/uploads\\\/2017\\\/06\\\/naustet.png\",\"width\":800,\"height\":600},{\"@type\":\"BreadcrumbList\",\"@id\":\"https:\\\/\\\/saudafjordcamping.no\\\/de\\\/wohnung\\\/#breadcrumb\",\"itemListElement\":[{\"@type\":\"ListItem\",\"position\":1,\"name\":\"Zuhause\",\"item\":\"https:\\\/\\\/saudafjordcamping.no\\\/de\\\/\"},{\"@type\":\"ListItem\",\"position\":2,\"name\":\"Wohnung\"}]},{\"@type\":\"WebSite\",\"@id\":\"https:\\\/\\\/saudafjordcamping.no\\\/#website\",\"url\":\"https:\\\/\\\/saudafjordcamping.no\\\/\",\"name\":\"Sauda Fjord Camping\",\"description\":\"Fra fjord til fjell\",\"potentialAction\":[{\"@type\":\"SearchAction\",\"target\":{\"@type\":\"EntryPoint\",\"urlTemplate\":\"https:\\\/\\\/saudafjordcamping.no\\\/?s={search_term_string}\"},\"query-input\":{\"@type\":\"PropertyValueSpecification\",\"valueRequired\":true,\"valueName\":\"search_term_string\"}}],\"inLanguage\":\"de\"}]}<\/script>\n<!-- \/ Yoast SEO plugin. -->","yoast_head_json":{"title":"Wohnung - Sauda Fjord Camping","robots":{"index":"index","follow":"follow","max-snippet":"max-snippet:-1","max-image-preview":"max-image-preview:large","max-video-preview":"max-video-preview:-1"},"canonical":"https:\/\/saudafjordcamping.no\/de\/wohnung\/","og_locale":"de_DE","og_type":"article","og_title":"Wohnung - Sauda Fjord Camping","og_description":"[vc_row][vc_column][\/vc_column][\/vc_row][vc_row][vc_column width=&#8220;1\/4&#8243;][vc_empty_space height=&#8220;50&#8243;][vc_single_image image=&#8220;3020&#8243; img_size=&#8220;50&#215;50&#8243; alignment=&#8220;center&#8220;][vc_empty_space height=&#8220;15&#8243;][vc_column_text] 5 G\u00c4STE [\/vc_column_text][\/vc_column][vc_column width=&#8220;1\/4&#8243;][vc_empty_space height=&#8220;50&#8243;][vc_single_image image=&#8220;3024&#8243; img_size=&#8220;50&#215;50&#8243; alignment=&#8220;center&#8220;][vc_empty_space height=&#8220;15&#8243;][vc_column_text] 68 m\u00b2 [\/vc_column_text][\/vc_column][vc_column width=&#8220;1\/4&#8243;][vc_empty_space height=&#8220;50&#8243;][vc_empty_space height=&#8220;15&#8243;][\/vc_column][vc_column width=&#8220;1\/4&#8243;][\/vc_column][\/vc_row][vc_row][vc_column][vc_empty_space height=&#8220;30&#8243;][vc_separator][vc_empty_space height=&#8220;50&#8243;][vc_column_text] Wohnung im Sportell In der 2. Etage des sportells haben wir eine tolle Wohnung f\u00fcr 5 Personen. Dieses verf\u00fcgt \u00fcber zwei Schlafzimmer, ein Badezimmer mit Dusche\/WC und ein kombiniertes Wohnzimmer\/K\u00fcche. [&hellip;]","og_url":"https:\/\/saudafjordcamping.no\/de\/wohnung\/","og_site_name":"Sauda Fjord Camping","article_modified_time":"2024-10-02T02:58:20+00:00","og_image":[{"width":800,"height":600,"url":"https:\/\/saudafjordcamping.no\/wp-content\/uploads\/2017\/06\/naustet.png","type":"image\/png"}],"twitter_card":"summary_large_image","twitter_misc":{"Gesch\u00e4tzte Lesezeit":"2\u00a0Minuten"},"schema":{"@context":"https:\/\/schema.org","@graph":[{"@type":"WebPage","@id":"https:\/\/saudafjordcamping.no\/de\/wohnung\/","url":"https:\/\/saudafjordcamping.no\/de\/wohnung\/","name":"Wohnung - Sauda Fjord Camping","isPartOf":{"@id":"https:\/\/saudafjordcamping.no\/#website"},"primaryImageOfPage":{"@id":"https:\/\/saudafjordcamping.no\/de\/wohnung\/#primaryimage"},"image":{"@id":"https:\/\/saudafjordcamping.no\/de\/wohnung\/#primaryimage"},"thumbnailUrl":"https:\/\/saudafjordcamping.no\/wp-content\/uploads\/2017\/06\/naustet.png","datePublished":"2022-03-07T20:04:34+00:00","dateModified":"2024-10-02T02:58:20+00:00","breadcrumb":{"@id":"https:\/\/saudafjordcamping.no\/de\/wohnung\/#breadcrumb"},"inLanguage":"de","potentialAction":[{"@type":"ReadAction","target":["https:\/\/saudafjordcamping.no\/de\/wohnung\/"]}]},{"@type":"ImageObject","inLanguage":"de","@id":"https:\/\/saudafjordcamping.no\/de\/wohnung\/#primaryimage","url":"https:\/\/saudafjordcamping.no\/wp-content\/uploads\/2017\/06\/naustet.png","contentUrl":"https:\/\/saudafjordcamping.no\/wp-content\/uploads\/2017\/06\/naustet.png","width":800,"height":600},{"@type":"BreadcrumbList","@id":"https:\/\/saudafjordcamping.no\/de\/wohnung\/#breadcrumb","itemListElement":[{"@type":"ListItem","position":1,"name":"Zuhause","item":"https:\/\/saudafjordcamping.no\/de\/"},{"@type":"ListItem","position":2,"name":"Wohnung"}]},{"@type":"WebSite","@id":"https:\/\/saudafjordcamping.no\/#website","url":"https:\/\/saudafjordcamping.no\/","name":"Sauda Fjord Camping","description":"Fra fjord til fjell","potentialAction":[{"@type":"SearchAction","target":{"@type":"EntryPoint","urlTemplate":"https:\/\/saudafjordcamping.no\/?s={search_term_string}"},"query-input":{"@type":"PropertyValueSpecification","valueRequired":true,"valueName":"search_term_string"}}],"inLanguage":"de"}]}},"jetpack_sharing_enabled":true,"_links":{"self":[{"href":"https:\/\/saudafjordcamping.no\/de\/wp-json\/wp\/v2\/pages\/3261","targetHints":{"allow":["GET"]}}],"collection":[{"href":"https:\/\/saudafjordcamping.no\/de\/wp-json\/wp\/v2\/pages"}],"about":[{"href":"https:\/\/saudafjordcamping.no\/de\/wp-json\/wp\/v2\/types\/page"}],"author":[{"embeddable":true,"href":"https:\/\/saudafjordcamping.no\/de\/wp-json\/wp\/v2\/users\/4"}],"replies":[{"embeddable":true,"href":"https:\/\/saudafjordcamping.no\/de\/wp-json\/wp\/v2\/comments?post=3261"}],"version-history":[{"count":16,"href":"https:\/\/saudafjordcamping.no\/de\/wp-json\/wp\/v2\/pages\/3261\/revisions"}],"predecessor-version":[{"id":4555,"href":"https:\/\/saudafjordcamping.no\/de\/wp-json\/wp\/v2\/pages\/3261\/revisions\/4555"}],"wp:featuredmedia":[{"embeddable":true,"href":"https:\/\/saudafjordcamping.no\/de\/wp-json\/wp\/v2\/media\/2123"}],"wp:attachment":[{"href":"https:\/\/saudafjordcamping.no\/de\/wp-json\/wp\/v2\/media?parent=3261"}],"curies":[{"name":"wp","href":"https:\/\/api.w.org\/{rel}","templated":true}]}}