{"id":3250,"date":"2022-03-07T20:49:12","date_gmt":"2022-03-07T19:49:12","guid":{"rendered":"https:\/\/saudafjordcamping.no\/hytter\/"},"modified":"2024-10-02T04:47:14","modified_gmt":"2024-10-02T02:47:14","slug":"huette","status":"publish","type":"page","link":"https:\/\/saudafjordcamping.no\/de\/huette\/","title":{"rendered":"H\u00fctten"},"content":{"rendered":"<div class=\"wpb-content-wrapper\"><p>[vc_row][vc_column]\n\t\t\t<!-- START Hytter REVOLUTION SLIDER 6.6.20 --><p class=\"rs-p-wp-fix\"><\/p>\n\t\t\t<rs-module-wrap id=\"rev_slider_2_1_wrapper\" data-source=\"gallery\" style=\"visibility:hidden;background:transparent;padding:0;margin:0px auto;margin-top:0;margin-bottom:0;\">\n\t\t\t\t<rs-module id=\"rev_slider_2_1\" style=\"\" data-version=\"6.6.20\">\n\t\t\t\t\t<rs-slides style=\"overflow: hidden; position: absolute;\">\n\t\t\t\t\t\t<rs-slide style=\"position: absolute;\" data-key=\"rs-2\" data-title=\"Slide\" data-thumb=\"\/\/saudafjordcamping.no\/wp-content\/uploads\/2017\/06\/DJI_0032-50x100.jpg\" data-in=\"o:0;\" data-out=\"a:false;\">\n\t\t\t\t\t\t\t<img decoding=\"async\" src=\"\/\/saudafjordcamping.no\/wp-content\/plugins\/revslider-4\/public\/assets\/assets\/dummy.png\" alt=\"Hyttene\" title=\"DJI_0032\" width=\"2027\" height=\"1159\" class=\"rev-slidebg tp-rs-img rs-lazyload\" data-lazyload=\"\/\/saudafjordcamping.no\/wp-content\/uploads\/2017\/06\/DJI_0032.jpg\" data-bg=\"f:70% 100%;\" data-no-retina>\n<!---->\t\t\t\t\t\t<\/rs-slide>\n\t\t\t\t\t\t<rs-slide style=\"position: absolute;\" data-key=\"rs-3\" data-title=\"Slide\" data-thumb=\"\/\/saudafjordcamping.no\/wp-content\/uploads\/2025\/02\/1000047440-scaled-50x100.jpg\" data-in=\"o:0;\" data-out=\"a:false;\">\n\t\t\t\t\t\t\t<img decoding=\"async\" src=\"\/\/saudafjordcamping.no\/wp-content\/plugins\/revslider-4\/public\/assets\/assets\/dummy.png\" alt=\"\" title=\"1000047440\" width=\"2560\" height=\"1183\" class=\"rev-slidebg tp-rs-img rs-lazyload\" data-lazyload=\"\/\/saudafjordcamping.no\/wp-content\/uploads\/2025\/02\/1000047440-scaled.jpg\" data-no-retina>\n<!---->\t\t\t\t\t\t<\/rs-slide>\n\t\t\t\t\t\t<rs-slide style=\"position: absolute;\" data-key=\"rs-52\" data-title=\"Slide\" data-thumb=\"\/\/saudafjordcamping.no\/wp-content\/uploads\/2025\/02\/1000047446-1-scaled-50x100.jpg\" data-in=\"o:0;\" data-out=\"a:false;\">\n\t\t\t\t\t\t\t<img decoding=\"async\" src=\"\/\/saudafjordcamping.no\/wp-content\/plugins\/revslider-4\/public\/assets\/assets\/dummy.png\" alt=\"\" title=\"1000047446\" width=\"2560\" height=\"1183\" class=\"rev-slidebg tp-rs-img rs-lazyload\" data-lazyload=\"\/\/saudafjordcamping.no\/wp-content\/uploads\/2025\/02\/1000047446-1-scaled.jpg\" data-no-retina>\n<!---->\t\t\t\t\t\t<\/rs-slide>\n\t\t\t\t\t\t<rs-slide style=\"position: absolute;\" data-key=\"rs-5\" data-title=\"Slide\" data-thumb=\"\/\/saudafjordcamping.no\/wp-content\/uploads\/2025\/02\/1000047435-scaled-50x100.jpg\" data-in=\"o:0;\" data-out=\"a:false;\">\n\t\t\t\t\t\t\t<img decoding=\"async\" src=\"\/\/saudafjordcamping.no\/wp-content\/plugins\/revslider-4\/public\/assets\/assets\/dummy.png\" alt=\"\" title=\"1000047435\" width=\"2560\" height=\"1183\" class=\"rev-slidebg tp-rs-img rs-lazyload\" data-lazyload=\"\/\/saudafjordcamping.no\/wp-content\/uploads\/2025\/02\/1000047435-scaled.jpg\" data-no-retina>\n<!---->\t\t\t\t\t\t<\/rs-slide>\n\t\t\t\t\t\t<rs-slide style=\"position: absolute;\" data-key=\"rs-53\" data-title=\"Slide\" data-thumb=\"\/\/saudafjordcamping.no\/wp-content\/uploads\/2025\/02\/1000047444-scaled-50x100.jpg\" data-in=\"o:0;\" data-out=\"a:false;\">\n\t\t\t\t\t\t\t<img decoding=\"async\" src=\"\/\/saudafjordcamping.no\/wp-content\/plugins\/revslider-4\/public\/assets\/assets\/dummy.png\" alt=\"\" title=\"1000047444\" width=\"2560\" height=\"1183\" class=\"rev-slidebg tp-rs-img rs-lazyload\" data-lazyload=\"\/\/saudafjordcamping.no\/wp-content\/uploads\/2025\/02\/1000047444-scaled.jpg\" data-no-retina>\n<!---->\t\t\t\t\t\t<\/rs-slide>\n\t\t\t\t\t\t<rs-slide style=\"position: absolute;\" data-key=\"rs-4\" data-title=\"Slide\" data-thumb=\"\/\/saudafjordcamping.no\/wp-content\/uploads\/2025\/02\/1000047450-1-scaled-50x100.jpg\" data-in=\"o:0;\" data-out=\"a:false;\">\n\t\t\t\t\t\t\t<img decoding=\"async\" src=\"\/\/saudafjordcamping.no\/wp-content\/plugins\/revslider-4\/public\/assets\/assets\/dummy.png\" alt=\"\" title=\"1000047450\" width=\"2560\" height=\"1183\" class=\"rev-slidebg tp-rs-img rs-lazyload\" data-lazyload=\"\/\/saudafjordcamping.no\/wp-content\/uploads\/2025\/02\/1000047450-1-scaled.jpg\" data-bg=\"p:40% 0%;\" data-no-retina>\n<!---->\t\t\t\t\t\t<\/rs-slide>\n\t\t\t\t\t<\/rs-slides>\n\t\t\t\t\t<rs-static-layers class=\"rs-stl-visible\"><!--\n\n\t\t\t\t\t\t\t--><rs-layer\n\t\t\t\t\t\t\t\tid=\"slider-2-slide-2-layer-1\" \n\t\t\t\t\t\t\t\tclass=\"rs-layer-static\"\n\t\t\t\t\t\t\t\tdata-type=\"text\"\n\t\t\t\t\t\t\t\tdata-color=\"#fff\"\n\t\t\t\t\t\t\t\tdata-rsp_ch=\"on\"\n\t\t\t\t\t\t\t\tdata-xy=\"x:c;xo:4px,4px,4px,0;yo:769px,769px,769px,682px;\"\n\t\t\t\t\t\t\t\tdata-text=\"w:normal;s:12,12,12,13;l:40,40,40,50;ls:1,1,1,0;fw:500;\"\n\t\t\t\t\t\t\t\tdata-dim=\"minh:0px,0px,0px,none;\"\n\t\t\t\t\t\t\t\tdata-onslides=\"s:1;\"\n\t\t\t\t\t\t\t\tdata-frame_0=\"x:0,0,0,0px;y:0,0,0,0px;\"\n\t\t\t\t\t\t\t\tdata-frame_1=\"x:0,0,0,0px;y:0,0,0,0px;\"\n\t\t\t\t\t\t\t\tdata-frame_999=\"o:0;st:w;\"\n\t\t\t\t\t\t\t\tstyle=\"z-index:5;font-family:'Tahoma', 'Geneva', 'sans-serif';\"\n\t\t\t\t\t\t\t>*Standarden p\u00e5 hyttene kan variere - Avbilded Hyttetyp: Hytte med Fjordutsikt \n\t\t\t\t\t\t\t<\/rs-layer><!--\n\t\t\t\t\t--><\/rs-static-layers>\n\t\t\t\t<\/rs-module>\n\t\t\t\t<script>\n\t\t\t\t\tsetREVStartSize({c: 'rev_slider_2_1',rl:[1240,1240,1240,480],el:[800,800,800,720],gw:[1240,1240,1240,480],gh:[800,800,800,720],type:'carousel',justify:'',layout:'fullwidth',mh:\"0\"});if (window.RS_MODULES!==undefined && window.RS_MODULES.modules!==undefined && window.RS_MODULES.modules[\"revslider21\"]!==undefined) {window.RS_MODULES.modules[\"revslider21\"].once = false;window.revapi2 = undefined;if (window.RS_MODULES.checkMinimal!==undefined) window.RS_MODULES.checkMinimal()}\n\t\t\t\t<\/script>\n\t\t\t<\/rs-module-wrap>\n\t\t\t<!-- END REVOLUTION SLIDER -->\n[\/vc_column][\/vc_row][vc_row][vc_column width=&#8220;1\/4&#8243;][vc_empty_space height=&#8220;50&#8243;][vc_single_image image=&#8220;3020&#8243; img_size=&#8220;50&#215;50&#8243; alignment=&#8220;center&#8220;][vc_empty_space height=&#8220;15&#8243;][vc_column_text]<\/p>\n<p style=\"text-align: center;\">4-6 G\u00c4STE<\/p>\n<p>[\/vc_column_text][\/vc_column][vc_column width=&#8220;1\/4&#8243;][vc_empty_space height=&#8220;50&#8243;][vc_single_image image=&#8220;3024&#8243; img_size=&#8220;50&#215;50&#8243; alignment=&#8220;center&#8220;][vc_empty_space height=&#8220;15&#8243;][vc_column_text]<\/p>\n<p style=\"text-align: center;\">42-49 m\u00b2<\/p>\n<p>[\/vc_column_text][\/vc_column][vc_column width=&#8220;1\/4&#8243;][vc_empty_space height=&#8220;50&#8243;]\n\t\n\t<a style=\"border: px solid;border-radius:0px;letter-spacing:px;line-height:11px;font-size:11px;background-color:#17648d;padding:15px 35px;margin:20px;color:#ffffff\" rel=\"\" href=\"https:\/\/saudafjordcamping.no\/booking\/\" class=\"nicdark_display_inline_block nd_options_float_left nd_options_font_weight_bold nd_options_second_font  \">BUCHEN SIE JETZT<\/a>\n\t\n[vc_empty_space height=&#8220;15&#8243;][\/vc_column][vc_column width=&#8220;1\/4&#8243;][\/vc_column][\/vc_row][vc_row][vc_column][vc_empty_space height=&#8220;30&#8243;][vc_separator][vc_empty_space height=&#8220;50&#8243;][vc_column_text]<\/p>\n<div class=\"wpb_text_column wpb_content_element overnatting\">\n<div class=\"wpb_wrapper\">\n<div class=\"wpb_text_column wpb_content_element overnatting\">\n<div class=\"wpb_wrapper\">\n<div class=\"wpb_text_column wpb_content_element overnatting\">\n<div class=\"wpb_wrapper\">\n<h2>6-Personen H\u00fctte am Fjord (49m\u00b2)<\/h2>\n<p>Wir haben f\u00fcnf H\u00fctten am Fjord mit drei Schlafzimmern und sechs Betten. Die H\u00fctten haben ein Doppelbett und zwei Etagenbetten. Von der Terrasse aus k\u00f6nnen Sie die sch\u00f6ne Aussicht \u00fcber den Saudafjord genie\u00dfen.<\/p>\n<\/div>\n<\/div>\n<\/div>\n<\/div>\n<\/div>\n<\/div>\n<p>[\/vc_column_text][\/vc_column][\/vc_row][vc_row][vc_column][vc_empty_space height=&#8220;40&#8243;][vc_column_text]<\/p>\n<div class=\"wpb_text_column wpb_content_element overnatting\">\n<div class=\"wpb_wrapper\">\n<div class=\"wpb_text_column wpb_content_element overnatting\">\n<div class=\"wpb_wrapper\">\n<div class=\"wpb_text_column wpb_content_element overnatting\">\n<div class=\"wpb_wrapper\">\n<h2>4-Personen H\u00fctte (42m\u00b2)<\/h2>\n<p>Wir haben dreizehn H\u00fctten am Fjord mit zwei Schlafzimmern und vier Betten. Die H\u00fctten haben zwei Etagenbetten. Von der Terrasse aus k\u00f6nnen Sie die sch\u00f6ne Natur genie\u00dfen.<\/p>\n<\/div>\n<\/div>\n<\/div>\n<\/div>\n<\/div>\n<\/div>\n<p>[\/vc_column_text][\/vc_column][\/vc_row][vc_row][vc_column][vc_empty_space height=&#8220;40&#8243;][vc_column_text]Die H\u00fctten verf\u00fcgen \u00fcber ein Badezimmer mit Dusche und WC, kombiniertes Wohnzimmer und K\u00fcche mit kompletter Ausstattung und Geschirrsp\u00fcler, TV, Internet, Bettdecke und Kopfkissen.<\/p>\n<p>Reinigung ist Obligatorisch, NOK 500,- per H\u00fctte.<br \/>\nBettw\u00e4sche kann f\u00fcr NOK 120,- per Person bestellt werden.[\/vc_column_text][\/vc_column][\/vc_row][vc_row][vc_column][vc_empty_space height=&#8220;50&#8243;][vc_separator][vc_empty_space height=&#8220;40&#8243;][\/vc_column][\/vc_row][vc_row][vc_column][vc_column_text]<\/p>\n<h2>\u00c4hnliche Unterk\u00fcnfte<\/h2>\n<p>[\/vc_column_text][vc_empty_space height=&#8220;40&#8243;][\/vc_column][\/vc_row][vc_row][vc_column width=&#8220;1\/3&#8243;][vc_single_image image=&#8220;1801&#8243; img_size=&#8220;5760&#215;3840&#8243;][vc_empty_space height=&#8220;20&#8243;][vc_column_text]<\/p>\n<h2>Bootshaus<\/h2>\n<p>Die Wohnung in Naustet ist eine tolle Wohnung zu vermieten f\u00fcr 7 Personen. Hier k\u00f6nnen Sie die Aussicht wirklich genie\u00dfen.[\/vc_column_text]\n\t<div class=\"nd_options_section nd_options_text_align_center\">\n\t<a style=\"border: px solid;border-radius:0px;letter-spacing:px;line-height:11px;font-size:11px;background-color:#17648d;padding:15px 35px;margin:20px;color:#ffffff\" rel=\"\" href=\"https:\/\/saudafjordcamping.no\/de\/bootshaus\" class=\"nicdark_display_inline_block  nd_options_font_weight_bold nd_options_second_font  \">MEHR INFORMATIONEN<\/a>\n\t<\/div>\n[\/vc_column][vc_column width=&#8220;1\/3&#8243;][vc_single_image image=&#8220;1841&#8243; img_size=&#8220;5760&#215;3840&#8243;][vc_empty_space height=&#8220;20&#8243;][vc_column_text]<\/p>\n<h2>Sportell<\/h2>\n<p>Perfekte Unterkunft f\u00fcr Unternehmen, Gruppen, die eine soziale, okay und erschwingliche Unterkunft wollen.[\/vc_column_text]\n\t<div class=\"nd_options_section nd_options_text_align_center\">\n\t<a style=\"border: px solid;border-radius:0px;letter-spacing:px;line-height:11px;font-size:11px;background-color:#17648d;padding:15px 35px;margin:20px;color:#ffffff\" rel=\"\" href=\"https:\/\/saudafjordcamping.no\/de\/sportell\/\" class=\"nicdark_display_inline_block  nd_options_font_weight_bold nd_options_second_font  \">MEHR INFORMATIONEN<\/a>\n\t<\/div>\n[\/vc_column][vc_column width=&#8220;1\/3&#8243;][vc_single_image image=&#8220;1823&#8243; img_size=&#8220;5760&#215;3840&#8243;][vc_empty_space height=&#8220;20&#8243;][vc_column_text]<\/p>\n<h2>Wohnung<\/h2>\n<p>Bei Sportellet haben wir eine tolle Wohnung f\u00fcr 5 Personen, mit gro\u00dfer Terrasse und guter K\u00fcche.[\/vc_column_text]\n\t<div class=\"nd_options_section nd_options_text_align_center\">\n\t<a style=\"border: px solid;border-radius:0px;letter-spacing:px;line-height:11px;font-size:11px;background-color:#17648d;padding:15px 35px;margin:20px;color:#ffffff\" rel=\"\" href=\"https:\/\/saudafjordcamping.no\/de\/wohnung\" class=\"nicdark_display_inline_block  nd_options_font_weight_bold nd_options_second_font  \">MEHR INFORMATIONEN<\/a>\n\t<\/div>\n[\/vc_column][\/vc_row][vc_row][vc_column][vc_empty_space height=&#8220;40&#8243;][\/vc_column][\/vc_row]<\/p>\n<\/div>","protected":false},"excerpt":{"rendered":"<p>[vc_row][vc_column][\/vc_column][\/vc_row][vc_row][vc_column width=&#8220;1\/4&#8243;][vc_empty_space height=&#8220;50&#8243;][vc_single_image image=&#8220;3020&#8243; img_size=&#8220;50&#215;50&#8243; alignment=&#8220;center&#8220;][vc_empty_space height=&#8220;15&#8243;][vc_column_text] 4-6 G\u00c4STE [\/vc_column_text][\/vc_column][vc_column width=&#8220;1\/4&#8243;][vc_empty_space height=&#8220;50&#8243;][vc_single_image image=&#8220;3024&#8243; img_size=&#8220;50&#215;50&#8243; alignment=&#8220;center&#8220;][vc_empty_space height=&#8220;15&#8243;][vc_column_text] 42-49 m\u00b2 [\/vc_column_text][\/vc_column][vc_column width=&#8220;1\/4&#8243;][vc_empty_space height=&#8220;50&#8243;][vc_empty_space height=&#8220;15&#8243;][\/vc_column][vc_column width=&#8220;1\/4&#8243;][\/vc_column][\/vc_row][vc_row][vc_column][vc_empty_space height=&#8220;30&#8243;][vc_separator][vc_empty_space height=&#8220;50&#8243;][vc_column_text] 6-Personen H\u00fctte am Fjord (49m\u00b2) Wir haben f\u00fcnf H\u00fctten am Fjord mit drei Schlafzimmern und sechs Betten. Die H\u00fctten haben ein Doppelbett und zwei Etagenbetten. Von der Terrasse aus k\u00f6nnen [&hellip;]<\/p>\n","protected":false},"author":4,"featured_media":2123,"parent":0,"menu_order":0,"comment_status":"closed","ping_status":"closed","template":"","meta":{"_monsterinsights_skip_tracking":false,"_monsterinsights_sitenote_active":false,"_monsterinsights_sitenote_note":"","_monsterinsights_sitenote_category":0,"footnotes":""},"class_list":["post-3250","page","type-page","status-publish","has-post-thumbnail","hentry"],"yoast_head":"<!-- This site is optimized with the Yoast SEO plugin v27.3 - https:\/\/yoast.com\/product\/yoast-seo-wordpress\/ -->\n<title>H\u00fctten - Sauda Fjord Camping<\/title>\n<meta name=\"robots\" content=\"index, follow, max-snippet:-1, max-image-preview:large, max-video-preview:-1\" \/>\n<link rel=\"canonical\" href=\"https:\/\/saudafjordcamping.no\/de\/huette\/\" \/>\n<meta property=\"og:locale\" content=\"de_DE\" \/>\n<meta property=\"og:type\" content=\"article\" \/>\n<meta property=\"og:title\" content=\"H\u00fctten - Sauda Fjord Camping\" \/>\n<meta property=\"og:description\" content=\"[vc_row][vc_column][\/vc_column][\/vc_row][vc_row][vc_column width=&#8220;1\/4&#8243;][vc_empty_space height=&#8220;50&#8243;][vc_single_image image=&#8220;3020&#8243; img_size=&#8220;50&#215;50&#8243; alignment=&#8220;center&#8220;][vc_empty_space height=&#8220;15&#8243;][vc_column_text] 4-6 G\u00c4STE [\/vc_column_text][\/vc_column][vc_column width=&#8220;1\/4&#8243;][vc_empty_space height=&#8220;50&#8243;][vc_single_image image=&#8220;3024&#8243; img_size=&#8220;50&#215;50&#8243; alignment=&#8220;center&#8220;][vc_empty_space height=&#8220;15&#8243;][vc_column_text] 42-49 m\u00b2 [\/vc_column_text][\/vc_column][vc_column width=&#8220;1\/4&#8243;][vc_empty_space height=&#8220;50&#8243;][vc_empty_space height=&#8220;15&#8243;][\/vc_column][vc_column width=&#8220;1\/4&#8243;][\/vc_column][\/vc_row][vc_row][vc_column][vc_empty_space height=&#8220;30&#8243;][vc_separator][vc_empty_space height=&#8220;50&#8243;][vc_column_text] 6-Personen H\u00fctte am Fjord (49m\u00b2) Wir haben f\u00fcnf H\u00fctten am Fjord mit drei Schlafzimmern und sechs Betten. Die H\u00fctten haben ein Doppelbett und zwei Etagenbetten. Von der Terrasse aus k\u00f6nnen [&hellip;]\" \/>\n<meta property=\"og:url\" content=\"https:\/\/saudafjordcamping.no\/de\/huette\/\" \/>\n<meta property=\"og:site_name\" content=\"Sauda Fjord Camping\" \/>\n<meta property=\"article:modified_time\" content=\"2024-10-02T02:47:14+00:00\" \/>\n<meta property=\"og:image\" content=\"https:\/\/saudafjordcamping.no\/wp-content\/uploads\/2017\/06\/naustet.png\" \/>\n\t<meta property=\"og:image:width\" content=\"800\" \/>\n\t<meta property=\"og:image:height\" content=\"600\" \/>\n\t<meta property=\"og:image:type\" content=\"image\/png\" \/>\n<meta name=\"twitter:card\" content=\"summary_large_image\" \/>\n<meta name=\"twitter:label1\" content=\"Gesch\u00e4tzte Lesezeit\" \/>\n\t<meta name=\"twitter:data1\" content=\"2\u00a0Minuten\" \/>\n<script type=\"application\/ld+json\" class=\"yoast-schema-graph\">{\"@context\":\"https:\\\/\\\/schema.org\",\"@graph\":[{\"@type\":\"WebPage\",\"@id\":\"https:\\\/\\\/saudafjordcamping.no\\\/de\\\/huette\\\/\",\"url\":\"https:\\\/\\\/saudafjordcamping.no\\\/de\\\/huette\\\/\",\"name\":\"H\u00fctten - Sauda Fjord Camping\",\"isPartOf\":{\"@id\":\"https:\\\/\\\/saudafjordcamping.no\\\/#website\"},\"primaryImageOfPage\":{\"@id\":\"https:\\\/\\\/saudafjordcamping.no\\\/de\\\/huette\\\/#primaryimage\"},\"image\":{\"@id\":\"https:\\\/\\\/saudafjordcamping.no\\\/de\\\/huette\\\/#primaryimage\"},\"thumbnailUrl\":\"https:\\\/\\\/saudafjordcamping.no\\\/wp-content\\\/uploads\\\/2017\\\/06\\\/naustet.png\",\"datePublished\":\"2022-03-07T19:49:12+00:00\",\"dateModified\":\"2024-10-02T02:47:14+00:00\",\"breadcrumb\":{\"@id\":\"https:\\\/\\\/saudafjordcamping.no\\\/de\\\/huette\\\/#breadcrumb\"},\"inLanguage\":\"de\",\"potentialAction\":[{\"@type\":\"ReadAction\",\"target\":[\"https:\\\/\\\/saudafjordcamping.no\\\/de\\\/huette\\\/\"]}]},{\"@type\":\"ImageObject\",\"inLanguage\":\"de\",\"@id\":\"https:\\\/\\\/saudafjordcamping.no\\\/de\\\/huette\\\/#primaryimage\",\"url\":\"https:\\\/\\\/saudafjordcamping.no\\\/wp-content\\\/uploads\\\/2017\\\/06\\\/naustet.png\",\"contentUrl\":\"https:\\\/\\\/saudafjordcamping.no\\\/wp-content\\\/uploads\\\/2017\\\/06\\\/naustet.png\",\"width\":800,\"height\":600},{\"@type\":\"BreadcrumbList\",\"@id\":\"https:\\\/\\\/saudafjordcamping.no\\\/de\\\/huette\\\/#breadcrumb\",\"itemListElement\":[{\"@type\":\"ListItem\",\"position\":1,\"name\":\"Zuhause\",\"item\":\"https:\\\/\\\/saudafjordcamping.no\\\/de\\\/\"},{\"@type\":\"ListItem\",\"position\":2,\"name\":\"H\u00fctten\"}]},{\"@type\":\"WebSite\",\"@id\":\"https:\\\/\\\/saudafjordcamping.no\\\/#website\",\"url\":\"https:\\\/\\\/saudafjordcamping.no\\\/\",\"name\":\"Sauda Fjord Camping\",\"description\":\"Fra fjord til fjell\",\"potentialAction\":[{\"@type\":\"SearchAction\",\"target\":{\"@type\":\"EntryPoint\",\"urlTemplate\":\"https:\\\/\\\/saudafjordcamping.no\\\/?s={search_term_string}\"},\"query-input\":{\"@type\":\"PropertyValueSpecification\",\"valueRequired\":true,\"valueName\":\"search_term_string\"}}],\"inLanguage\":\"de\"}]}<\/script>\n<!-- \/ Yoast SEO plugin. -->","yoast_head_json":{"title":"H\u00fctten - Sauda Fjord Camping","robots":{"index":"index","follow":"follow","max-snippet":"max-snippet:-1","max-image-preview":"max-image-preview:large","max-video-preview":"max-video-preview:-1"},"canonical":"https:\/\/saudafjordcamping.no\/de\/huette\/","og_locale":"de_DE","og_type":"article","og_title":"H\u00fctten - Sauda Fjord Camping","og_description":"[vc_row][vc_column][\/vc_column][\/vc_row][vc_row][vc_column width=&#8220;1\/4&#8243;][vc_empty_space height=&#8220;50&#8243;][vc_single_image image=&#8220;3020&#8243; img_size=&#8220;50&#215;50&#8243; alignment=&#8220;center&#8220;][vc_empty_space height=&#8220;15&#8243;][vc_column_text] 4-6 G\u00c4STE [\/vc_column_text][\/vc_column][vc_column width=&#8220;1\/4&#8243;][vc_empty_space height=&#8220;50&#8243;][vc_single_image image=&#8220;3024&#8243; img_size=&#8220;50&#215;50&#8243; alignment=&#8220;center&#8220;][vc_empty_space height=&#8220;15&#8243;][vc_column_text] 42-49 m\u00b2 [\/vc_column_text][\/vc_column][vc_column width=&#8220;1\/4&#8243;][vc_empty_space height=&#8220;50&#8243;][vc_empty_space height=&#8220;15&#8243;][\/vc_column][vc_column width=&#8220;1\/4&#8243;][\/vc_column][\/vc_row][vc_row][vc_column][vc_empty_space height=&#8220;30&#8243;][vc_separator][vc_empty_space height=&#8220;50&#8243;][vc_column_text] 6-Personen H\u00fctte am Fjord (49m\u00b2) Wir haben f\u00fcnf H\u00fctten am Fjord mit drei Schlafzimmern und sechs Betten. Die H\u00fctten haben ein Doppelbett und zwei Etagenbetten. Von der Terrasse aus k\u00f6nnen [&hellip;]","og_url":"https:\/\/saudafjordcamping.no\/de\/huette\/","og_site_name":"Sauda Fjord Camping","article_modified_time":"2024-10-02T02:47:14+00:00","og_image":[{"width":800,"height":600,"url":"https:\/\/saudafjordcamping.no\/wp-content\/uploads\/2017\/06\/naustet.png","type":"image\/png"}],"twitter_card":"summary_large_image","twitter_misc":{"Gesch\u00e4tzte Lesezeit":"2\u00a0Minuten"},"schema":{"@context":"https:\/\/schema.org","@graph":[{"@type":"WebPage","@id":"https:\/\/saudafjordcamping.no\/de\/huette\/","url":"https:\/\/saudafjordcamping.no\/de\/huette\/","name":"H\u00fctten - Sauda Fjord Camping","isPartOf":{"@id":"https:\/\/saudafjordcamping.no\/#website"},"primaryImageOfPage":{"@id":"https:\/\/saudafjordcamping.no\/de\/huette\/#primaryimage"},"image":{"@id":"https:\/\/saudafjordcamping.no\/de\/huette\/#primaryimage"},"thumbnailUrl":"https:\/\/saudafjordcamping.no\/wp-content\/uploads\/2017\/06\/naustet.png","datePublished":"2022-03-07T19:49:12+00:00","dateModified":"2024-10-02T02:47:14+00:00","breadcrumb":{"@id":"https:\/\/saudafjordcamping.no\/de\/huette\/#breadcrumb"},"inLanguage":"de","potentialAction":[{"@type":"ReadAction","target":["https:\/\/saudafjordcamping.no\/de\/huette\/"]}]},{"@type":"ImageObject","inLanguage":"de","@id":"https:\/\/saudafjordcamping.no\/de\/huette\/#primaryimage","url":"https:\/\/saudafjordcamping.no\/wp-content\/uploads\/2017\/06\/naustet.png","contentUrl":"https:\/\/saudafjordcamping.no\/wp-content\/uploads\/2017\/06\/naustet.png","width":800,"height":600},{"@type":"BreadcrumbList","@id":"https:\/\/saudafjordcamping.no\/de\/huette\/#breadcrumb","itemListElement":[{"@type":"ListItem","position":1,"name":"Zuhause","item":"https:\/\/saudafjordcamping.no\/de\/"},{"@type":"ListItem","position":2,"name":"H\u00fctten"}]},{"@type":"WebSite","@id":"https:\/\/saudafjordcamping.no\/#website","url":"https:\/\/saudafjordcamping.no\/","name":"Sauda Fjord Camping","description":"Fra fjord til fjell","potentialAction":[{"@type":"SearchAction","target":{"@type":"EntryPoint","urlTemplate":"https:\/\/saudafjordcamping.no\/?s={search_term_string}"},"query-input":{"@type":"PropertyValueSpecification","valueRequired":true,"valueName":"search_term_string"}}],"inLanguage":"de"}]}},"jetpack_sharing_enabled":true,"_links":{"self":[{"href":"https:\/\/saudafjordcamping.no\/de\/wp-json\/wp\/v2\/pages\/3250","targetHints":{"allow":["GET"]}}],"collection":[{"href":"https:\/\/saudafjordcamping.no\/de\/wp-json\/wp\/v2\/pages"}],"about":[{"href":"https:\/\/saudafjordcamping.no\/de\/wp-json\/wp\/v2\/types\/page"}],"author":[{"embeddable":true,"href":"https:\/\/saudafjordcamping.no\/de\/wp-json\/wp\/v2\/users\/4"}],"replies":[{"embeddable":true,"href":"https:\/\/saudafjordcamping.no\/de\/wp-json\/wp\/v2\/comments?post=3250"}],"version-history":[{"count":19,"href":"https:\/\/saudafjordcamping.no\/de\/wp-json\/wp\/v2\/pages\/3250\/revisions"}],"predecessor-version":[{"id":4548,"href":"https:\/\/saudafjordcamping.no\/de\/wp-json\/wp\/v2\/pages\/3250\/revisions\/4548"}],"wp:featuredmedia":[{"embeddable":true,"href":"https:\/\/saudafjordcamping.no\/de\/wp-json\/wp\/v2\/media\/2123"}],"wp:attachment":[{"href":"https:\/\/saudafjordcamping.no\/de\/wp-json\/wp\/v2\/media?parent=3250"}],"curies":[{"name":"wp","href":"https:\/\/api.w.org\/{rel}","templated":true}]}}