{"id":3207,"date":"2022-03-07T19:49:54","date_gmt":"2022-03-07T18:49:54","guid":{"rendered":"https:\/\/saudafjordcamping.no\/?page_id=3207"},"modified":"2026-04-02T22:59:58","modified_gmt":"2026-04-02T20:59:58","slug":"camping","status":"publish","type":"page","link":"https:\/\/saudafjordcamping.no\/de\/camping\/","title":{"rendered":"Camping"},"content":{"rendered":"<div class=\"wpb-content-wrapper\"><p>[vc_row][vc_column][vc_raw_html]JTVCcmV2X3NsaWRlciUyMGFsaWFzJTNEJTIyY2FtcGluZyUyMiU1RA==[\/vc_raw_html][vc_empty_space height=&#8220;30&#8243;][vc_column_text css=&#8220;&#8220;]<\/p>\n<div class=\"vc_row wpb_row vc_row-fluid\">\n<div class=\"wpb_column vc_column_container vc_col-sm-12\">\n<div class=\"vc_column-inner\">\n<div class=\"wpb_wrapper\">\n<div class=\"wpb_text_column wpb_content_element \">\n<h4 data-path-to-node=\"13\">Unser Campingplatz liegt wundersch\u00f6n im Gel\u00e4nde, in direkter N\u00e4he zum Wasser, was f\u00fcr eine ganz besondere Atmosph\u00e4re der Ruhe und frischen Seeluft sorgt. Mit Platz f\u00fcr rund 150 Einheiten, egal ob Sie mit dem Wohnmobil, Wohnwagen oder Zelt anreisen, sorgen wir daf\u00fcr, dass jeder seinen Platz findet und sich wohlf\u00fchlt.<\/h4>\n<p>&nbsp;<\/p>\n<h4 data-path-to-node=\"14\">Die Anlage ist sowohl praktisch als auch familienfreundlich gestaltet. F\u00fcr Kinder ist der Campingplatz ein kleines Paradies mit eigenem Spielplatz und einem beliebten H\u00fcpfkissen, das den ganzen Tag \u00fcber zu Spiel und Spa\u00df einl\u00e4dt. Zudem gibt es tolle M\u00f6glichkeiten f\u00fcr sportliche Aktivit\u00e4ten auf dem Fu\u00dfballplatz, der als nat\u00fcrlicher Treffpunkt f\u00fcr gro\u00dfe und kleine G\u00e4ste dient.<\/h4>\n<p>&nbsp;<\/p>\n<h4 data-path-to-node=\"15\">Die N\u00e4he zum Fjord ist ein zentraler Bestandteil des Erlebnisses bei uns. Sie k\u00f6nnen direkt von Ihrem Campingstuhl zum Ufer spazieren, um ein morgendliches Bad zu nehmen, oder eines unserer Motorboote f\u00fcr einen Angelausflug mieten. Nach einem Tag in der Natur haben Sie vollen Zugang zu allen notwendigen Einrichtungen auf dem Gel\u00e4nde, damit Ihr Aufenthalt so komfortabel wie m\u00f6glich wird. Hier wohnen Sie gesch\u00fctzt und friedlich, haben aber gleichzeitig das ganze Jahr \u00fcber einfachen Zugang zu allen Aktivit\u00e4ten und Sehensw\u00fcrdigkeiten, die Sauda zu bieten hat.<\/h4>\n<\/div>\n<\/div>\n<\/div>\n<\/div>\n<\/div>\n<p>[\/vc_column_text][vc_empty_space height=&#8220;30&#8243;][vc_row_inner][vc_column_inner width=&#8220;1\/3&#8243;]\n\t\n\t<a style=\"border: px solid;border-radius:0px;letter-spacing:px;line-height:11px;font-size:11px;background-color:#17648d;padding:15px 35px;margin:20px;color:#ffffff\" rel=\"\" href=\"https:\/\/saudafjordcamping.no\/priser\/\" class=\"nicdark_display_inline_block nd_options_float_right nd_options_font_weight_bold nd_options_second_font  \">UNSERE PREISE<\/a>\n\t\n[\/vc_column_inner][vc_column_inner width=&#8220;1\/3&#8243;]\n\t<div class=\"nd_options_section nd_options_text_align_center\">\n\t<a style=\"border: px solid;border-radius:0px;letter-spacing:px;line-height:11px;font-size:11px;background-color:#17648D;padding:15px 35px;margin:20px;color:#ffffff\" rel=\"\" href=\"https:\/\/saudafjordcamping.no\/booking\/\" class=\"nicdark_display_inline_block  nd_options_font_weight_bold nd_options_second_font  \">STELLPLATZ BUCHEN<\/a>\n\t<\/div>\n[\/vc_column_inner][vc_column_inner width=&#8220;1\/3&#8243;]\n\t\n\t<a style=\"border: px solid;border-radius:0px;letter-spacing:px;line-height:11px;font-size:11px;background-color:#17648d;padding:15px 35px;margin:20px;color:#ffffff\" rel=\"\" href=\"https:\/\/saudafjordcamping.no\/omrade-kart\/\" class=\"nicdark_display_inline_block nd_options_float_left nd_options_font_weight_bold nd_options_second_font  \">UMGEBUNGS KARTE<\/a>\n\t\n[\/vc_column_inner][\/vc_row_inner][\/vc_column][\/vc_row][vc_row][vc_column][vc_empty_space height=&#8220;40&#8243;][vc_separator][vc_empty_space height=&#8220;40&#8243;][\/vc_column][\/vc_row][vc_row][vc_column][vc_column_text]<\/p>\n<h2>\u00c4hnliche Unterk\u00fcnfte<\/h2>\n<p>[\/vc_column_text][vc_empty_space height=&#8220;40&#8243;][\/vc_column][\/vc_row][vc_row][vc_column width=&#8220;1\/3&#8243;][vc_single_image image=&#8220;2123&#8243; img_size=&#8220;full&#8220;][vc_empty_space height=&#8220;20&#8243;][vc_column_text]<\/p>\n<h2>Bootshaus<\/h2>\n<p>Die Wohnung in Naustet ist eine tolle Wohnung zu vermieten f\u00fcr 7 Personen. Hier k\u00f6nnen Sie die Aussicht wirklich genie\u00dfen.[\/vc_column_text]\n\t<div class=\"nd_options_section nd_options_text_align_center\">\n\t<a style=\"border: px solid;border-radius:0px;letter-spacing:px;line-height:11px;font-size:11px;background-color:#17648d;padding:15px 35px;margin:20px;color:#ffffff\" rel=\"\" href=\"https:\/\/saudafjordcamping.no\/naustet\/\" class=\"nicdark_display_inline_block  nd_options_font_weight_bold nd_options_second_font  \">MEHR INFORMATIONEN<\/a>\n\t<\/div>\n[\/vc_column][vc_column width=&#8220;1\/3&#8243;][vc_single_image image=&#8220;2121&#8243; img_size=&#8220;full&#8220;][vc_empty_space height=&#8220;20&#8243;][vc_column_text]<\/p>\n<h2>H\u00fctten<\/h2>\n<p>Sauda Fjord Camping verf\u00fcgt \u00fcber insgesamt 18 H\u00fctten am Fjord mit Platz f\u00fcr 4 &#8211; 6 Personen.[\/vc_column_text]\n\t<div class=\"nd_options_section nd_options_text_align_center\">\n\t<a style=\"border: px solid;border-radius:0px;letter-spacing:px;line-height:11px;font-size:11px;background-color:#17648d;padding:15px 35px;margin:20px;color:#ffffff\" rel=\"\" href=\"https:\/\/saudafjordcamping.no\/hytter\/\" class=\"nicdark_display_inline_block  nd_options_font_weight_bold nd_options_second_font  \">MEHR INFORMATIONEN<\/a>\n\t<\/div>\n[\/vc_column][vc_column width=&#8220;1\/3&#8243;][vc_single_image image=&#8220;2165&#8243; img_size=&#8220;full&#8220;][vc_empty_space height=&#8220;20&#8243;][vc_column_text]<\/p>\n<h2>Wohnung<\/h2>\n<p>Bei Sportellet haben wir eine tolle Wohnung f\u00fcr 5 Personen, mit gro\u00dfer Terrasse und guter K\u00fcche.[\/vc_column_text]\n\t<div class=\"nd_options_section nd_options_text_align_center\">\n\t<a style=\"border: px solid;border-radius:0px;letter-spacing:px;line-height:11px;font-size:11px;background-color:#17648d;padding:15px 35px;margin:20px;color:#ffffff\" rel=\"\" href=\"https:\/\/saudafjordcamping.no\/leilighet\/\" class=\"nicdark_display_inline_block  nd_options_font_weight_bold nd_options_second_font  \">MEHR INFORMATIONEN<\/a>\n\t<\/div>\n[\/vc_column][\/vc_row][vc_row][vc_column][vc_empty_space height=&#8220;40&#8243;][\/vc_column][\/vc_row]<\/p>\n<\/div>","protected":false},"excerpt":{"rendered":"<p>[vc_row][vc_column][vc_raw_html]JTVCcmV2X3NsaWRlciUyMGFsaWFzJTNEJTIyY2FtcGluZyUyMiU1RA==[\/vc_raw_html][vc_empty_space height=&#8220;30&#8243;][vc_column_text css=&#8220;&#8220;] Unser Campingplatz liegt wundersch\u00f6n im Gel\u00e4nde, in direkter N\u00e4he zum Wasser, was f\u00fcr eine ganz besondere Atmosph\u00e4re der Ruhe und frischen Seeluft sorgt. Mit Platz f\u00fcr rund 150 Einheiten, egal ob Sie mit dem Wohnmobil, Wohnwagen oder Zelt anreisen, sorgen wir daf\u00fcr, dass jeder seinen Platz findet und sich wohlf\u00fchlt. &nbsp; Die [&hellip;]<\/p>\n","protected":false},"author":4,"featured_media":0,"parent":0,"menu_order":0,"comment_status":"closed","ping_status":"closed","template":"","meta":{"_monsterinsights_skip_tracking":false,"_monsterinsights_sitenote_active":false,"_monsterinsights_sitenote_note":"","_monsterinsights_sitenote_category":0,"footnotes":""},"class_list":["post-3207","page","type-page","status-publish","hentry"],"yoast_head":"<!-- This site is optimized with the Yoast SEO plugin v27.3 - https:\/\/yoast.com\/product\/yoast-seo-wordpress\/ -->\n<title>Camping - Sauda Fjord Camping<\/title>\n<meta name=\"description\" content=\"Ganzj\u00e4hriges Camping direkt am Fjord f\u00fcr Wohnmobile, Wohnwagen und Zelte. Mit Bootsverleih, Spielplatz und herrlicher Natur.\" \/>\n<meta name=\"robots\" content=\"index, follow, max-snippet:-1, max-image-preview:large, max-video-preview:-1\" \/>\n<link rel=\"canonical\" href=\"https:\/\/saudafjordcamping.no\/de\/camping\/\" \/>\n<meta property=\"og:locale\" content=\"de_DE\" \/>\n<meta property=\"og:type\" content=\"article\" \/>\n<meta property=\"og:title\" content=\"Camping - Sauda Fjord Camping\" \/>\n<meta property=\"og:description\" content=\"Ganzj\u00e4hriges Camping direkt am Fjord f\u00fcr Wohnmobile, Wohnwagen und Zelte. Mit Bootsverleih, Spielplatz und herrlicher Natur.\" \/>\n<meta property=\"og:url\" content=\"https:\/\/saudafjordcamping.no\/de\/camping\/\" \/>\n<meta property=\"og:site_name\" content=\"Sauda Fjord Camping\" \/>\n<meta property=\"article:modified_time\" content=\"2026-04-02T20:59:58+00:00\" \/>\n<meta name=\"twitter:card\" content=\"summary_large_image\" \/>\n<meta name=\"twitter:label1\" content=\"Gesch\u00e4tzte Lesezeit\" \/>\n\t<meta name=\"twitter:data1\" content=\"2\u00a0Minuten\" \/>\n<script type=\"application\/ld+json\" class=\"yoast-schema-graph\">{\"@context\":\"https:\\\/\\\/schema.org\",\"@graph\":[{\"@type\":\"WebPage\",\"@id\":\"https:\\\/\\\/saudafjordcamping.no\\\/de\\\/camping\\\/\",\"url\":\"https:\\\/\\\/saudafjordcamping.no\\\/de\\\/camping\\\/\",\"name\":\"Camping - Sauda Fjord Camping\",\"isPartOf\":{\"@id\":\"https:\\\/\\\/saudafjordcamping.no\\\/#website\"},\"datePublished\":\"2022-03-07T18:49:54+00:00\",\"dateModified\":\"2026-04-02T20:59:58+00:00\",\"description\":\"Ganzj\u00e4hriges Camping direkt am Fjord f\u00fcr Wohnmobile, Wohnwagen und Zelte. Mit Bootsverleih, Spielplatz und herrlicher Natur.\",\"breadcrumb\":{\"@id\":\"https:\\\/\\\/saudafjordcamping.no\\\/de\\\/camping\\\/#breadcrumb\"},\"inLanguage\":\"de\",\"potentialAction\":[{\"@type\":\"ReadAction\",\"target\":[\"https:\\\/\\\/saudafjordcamping.no\\\/de\\\/camping\\\/\"]}]},{\"@type\":\"BreadcrumbList\",\"@id\":\"https:\\\/\\\/saudafjordcamping.no\\\/de\\\/camping\\\/#breadcrumb\",\"itemListElement\":[{\"@type\":\"ListItem\",\"position\":1,\"name\":\"Zuhause\",\"item\":\"https:\\\/\\\/saudafjordcamping.no\\\/de\\\/\"},{\"@type\":\"ListItem\",\"position\":2,\"name\":\"Camping\"}]},{\"@type\":\"WebSite\",\"@id\":\"https:\\\/\\\/saudafjordcamping.no\\\/#website\",\"url\":\"https:\\\/\\\/saudafjordcamping.no\\\/\",\"name\":\"Sauda Fjord Camping\",\"description\":\"Fra fjord til fjell\",\"potentialAction\":[{\"@type\":\"SearchAction\",\"target\":{\"@type\":\"EntryPoint\",\"urlTemplate\":\"https:\\\/\\\/saudafjordcamping.no\\\/?s={search_term_string}\"},\"query-input\":{\"@type\":\"PropertyValueSpecification\",\"valueRequired\":true,\"valueName\":\"search_term_string\"}}],\"inLanguage\":\"de\"}]}<\/script>\n<!-- \/ Yoast SEO plugin. -->","yoast_head_json":{"title":"Camping - Sauda Fjord Camping","description":"Ganzj\u00e4hriges Camping direkt am Fjord f\u00fcr Wohnmobile, Wohnwagen und Zelte. Mit Bootsverleih, Spielplatz und herrlicher Natur.","robots":{"index":"index","follow":"follow","max-snippet":"max-snippet:-1","max-image-preview":"max-image-preview:large","max-video-preview":"max-video-preview:-1"},"canonical":"https:\/\/saudafjordcamping.no\/de\/camping\/","og_locale":"de_DE","og_type":"article","og_title":"Camping - Sauda Fjord Camping","og_description":"Ganzj\u00e4hriges Camping direkt am Fjord f\u00fcr Wohnmobile, Wohnwagen und Zelte. Mit Bootsverleih, Spielplatz und herrlicher Natur.","og_url":"https:\/\/saudafjordcamping.no\/de\/camping\/","og_site_name":"Sauda Fjord Camping","article_modified_time":"2026-04-02T20:59:58+00:00","twitter_card":"summary_large_image","twitter_misc":{"Gesch\u00e4tzte Lesezeit":"2\u00a0Minuten"},"schema":{"@context":"https:\/\/schema.org","@graph":[{"@type":"WebPage","@id":"https:\/\/saudafjordcamping.no\/de\/camping\/","url":"https:\/\/saudafjordcamping.no\/de\/camping\/","name":"Camping - Sauda Fjord Camping","isPartOf":{"@id":"https:\/\/saudafjordcamping.no\/#website"},"datePublished":"2022-03-07T18:49:54+00:00","dateModified":"2026-04-02T20:59:58+00:00","description":"Ganzj\u00e4hriges Camping direkt am Fjord f\u00fcr Wohnmobile, Wohnwagen und Zelte. Mit Bootsverleih, Spielplatz und herrlicher Natur.","breadcrumb":{"@id":"https:\/\/saudafjordcamping.no\/de\/camping\/#breadcrumb"},"inLanguage":"de","potentialAction":[{"@type":"ReadAction","target":["https:\/\/saudafjordcamping.no\/de\/camping\/"]}]},{"@type":"BreadcrumbList","@id":"https:\/\/saudafjordcamping.no\/de\/camping\/#breadcrumb","itemListElement":[{"@type":"ListItem","position":1,"name":"Zuhause","item":"https:\/\/saudafjordcamping.no\/de\/"},{"@type":"ListItem","position":2,"name":"Camping"}]},{"@type":"WebSite","@id":"https:\/\/saudafjordcamping.no\/#website","url":"https:\/\/saudafjordcamping.no\/","name":"Sauda Fjord Camping","description":"Fra fjord til fjell","potentialAction":[{"@type":"SearchAction","target":{"@type":"EntryPoint","urlTemplate":"https:\/\/saudafjordcamping.no\/?s={search_term_string}"},"query-input":{"@type":"PropertyValueSpecification","valueRequired":true,"valueName":"search_term_string"}}],"inLanguage":"de"}]}},"jetpack_sharing_enabled":true,"_links":{"self":[{"href":"https:\/\/saudafjordcamping.no\/de\/wp-json\/wp\/v2\/pages\/3207","targetHints":{"allow":["GET"]}}],"collection":[{"href":"https:\/\/saudafjordcamping.no\/de\/wp-json\/wp\/v2\/pages"}],"about":[{"href":"https:\/\/saudafjordcamping.no\/de\/wp-json\/wp\/v2\/types\/page"}],"author":[{"embeddable":true,"href":"https:\/\/saudafjordcamping.no\/de\/wp-json\/wp\/v2\/users\/4"}],"replies":[{"embeddable":true,"href":"https:\/\/saudafjordcamping.no\/de\/wp-json\/wp\/v2\/comments?post=3207"}],"version-history":[{"count":26,"href":"https:\/\/saudafjordcamping.no\/de\/wp-json\/wp\/v2\/pages\/3207\/revisions"}],"predecessor-version":[{"id":5085,"href":"https:\/\/saudafjordcamping.no\/de\/wp-json\/wp\/v2\/pages\/3207\/revisions\/5085"}],"wp:attachment":[{"href":"https:\/\/saudafjordcamping.no\/de\/wp-json\/wp\/v2\/media?parent=3207"}],"curies":[{"name":"wp","href":"https:\/\/api.w.org\/{rel}","templated":true}]}}