{"id":2838,"date":"2022-01-18T20:29:50","date_gmt":"2022-01-18T19:29:50","guid":{"rendered":"https:\/\/saudafjordcamping.no\/sjoen-12\/"},"modified":"2024-05-29T14:09:22","modified_gmt":"2024-05-29T12:09:22","slug":"sjoen-12","status":"publish","type":"page","link":"https:\/\/saudafjordcamping.no\/de\/sjoen-12\/","title":{"rendered":"Sj\u00f8en 12"},"content":{"rendered":"<div class=\"wpb-content-wrapper\"><p>[vc_section full_width=&#8220;stretch_row&#8220;][vc_row][vc_column width=&#8220;1\/2&#8243;][vc_column_text]<\/p>\n<div class=\"wpb_text_column wpb_content_element \">\n<div class=\"wpb_wrapper\">\n<h2>Das Bistro f\u00fcr eine private Veranstaltung mieten?<\/h2>\n<p>Interessiert das Lokal f\u00fcr eine Private Veranstaltung zu mieten? Schreiben Sie uns und teilen Sie uns Ihre W\u00fcnsche mit, z.B. Taufe, Konfirmation oder Geburtstag, dann erstellen wir Ihnen ein unverbindliches Angebot.<\/p>\n<p>Sie m\u00f6chten das Bistro pers\u00f6nlich besuchen? W\u00e4hrend unserer \u00d6ffnungszeiten k\u00f6nnen Sie bei Sj\u00f8en 12 vorbeikommen und pers\u00f6nlich mit uns sprechen, um zu sehen, was wir Ihnen anbieten k\u00f6nnen.<\/p>\n<p>Sie k\u00f6nnen uns auch w\u00e4hrend der \u00d6ffnungszeiten anrufen, um Fragen zur Miete des Lokals und privater Veranstaltungen zu besprechen.<\/p>\n<p>Wir freuen uns von Ihnen zu h\u00f6ren!<\/p>\n<\/div>\n<\/div>\n<p>[\/vc_column_text]<div style=\"background-color:#ffffff;height: 25px\" class=\"nicdark_section  \"><\/div>\n\t\n\t<a style=\"border: 0px solid;border-radius:px;letter-spacing:px;line-height:11px;font-size:11px;background-color:#17648d;padding:15px 20px;margin:10px;color:#ffffff\" rel=\"\" href=\"https:\/\/saudafjordcamping.no\/de\/kontaktiere-uns\/\" class=\"nicdark_display_inline_block nd_options_float_left nd_options_font_weight_bold nd_options_second_font  \">KONTAKTIERE UNS<\/a>\n\t\n\n\t\n\t<a style=\"border: 0px solid;border-radius:px;letter-spacing:px;line-height:11px;font-size:11px;background-color:#17648d;padding:15px 20px;margin:10px;color:#ffffff\" rel=\"\" target=\"_blank\" href=\"https:\/\/www.facebook.com\/Sjoen12\" class=\"nicdark_display_inline_block nd_options_float_left nd_options_font_weight_bold nd_options_second_font  \">FACEBOOK<\/a>\n\t\n<div style=\"background-color:#ffffff;height: 25px\" class=\"nicdark_section  \"><\/div>\n\n\n  <div class=\"nd_options_section  nd_options_display_table \">\n    <div class=\"nd_options_display_table_cell nd_options_vertical_align_middle nd_options_width_50_percentage nd_options_text_align_left nd_options_padding_10 nd_options_box_sizing_border_box\">\n      <p class=\" nd_options_second_font nd_options_margin_0 nd_options_padding_0\" style=\"color:#666666\">Adresse:<\/p>\n    <\/div>\n    <div class=\"nd_options_display_table_cell nd_options_vertical_align_middle nd_options_width_50_percentage nd_options_text_align_right nd_options_padding_10 nd_options_box_sizing_border_box\">\n      <p class=\" nd_options_second_font nd_options_margin_0 nd_options_padding_0\" style=\"color:#7e7e7e\">Sj\u00f8en 12, 4208 Saudasj\u00f8en<\/p>\n    <\/div>\n  <\/div>\n\n\n   <div style=\"background-color:#f1f1f1;height: 1px\" class=\"nicdark_section  \"><\/div>\n\n\n  <div class=\"nd_options_section  nd_options_display_table \">\n    <div class=\"nd_options_display_table_cell nd_options_vertical_align_middle nd_options_width_50_percentage nd_options_text_align_left nd_options_padding_10 nd_options_box_sizing_border_box\">\n      <p class=\" nd_options_second_font nd_options_margin_0 nd_options_padding_0\" style=\"color:#666666\">Telefon:<\/p>\n    <\/div>\n    <div class=\"nd_options_display_table_cell nd_options_vertical_align_middle nd_options_width_50_percentage nd_options_text_align_right nd_options_padding_10 nd_options_box_sizing_border_box\">\n      <p class=\" nd_options_second_font nd_options_margin_0 nd_options_padding_0\" style=\"color:#7e7e7e\">+47 52 78 18 00<\/p>\n    <\/div>\n  <\/div>\n\n\n   <div style=\"background-color:#f1f1f1;height: 1px\" class=\"nicdark_section  \"><\/div>\n\n\n  <div class=\"nd_options_section  nd_options_display_table \">\n    <div class=\"nd_options_display_table_cell nd_options_vertical_align_middle nd_options_width_50_percentage nd_options_text_align_left nd_options_padding_10 nd_options_box_sizing_border_box\">\n      <p class=\" nd_options_second_font nd_options_margin_0 nd_options_padding_0\" style=\"color:#666666\">E-Mail:<\/p>\n    <\/div>\n    <div class=\"nd_options_display_table_cell nd_options_vertical_align_middle nd_options_width_50_percentage nd_options_text_align_right nd_options_padding_10 nd_options_box_sizing_border_box\">\n      <p class=\" nd_options_second_font nd_options_margin_0 nd_options_padding_0\" style=\"color:#7e7e7e\">post@saudafjordcamping.no<\/p>\n    <\/div>\n  <\/div>\n\n\n   <div style=\"background-color:#f1f1f1;height: 1px\" class=\"nicdark_section  \"><\/div>\n\n\n  <div class=\"nd_options_section  nd_options_display_table \">\n    <div class=\"nd_options_display_table_cell nd_options_vertical_align_middle nd_options_width_50_percentage nd_options_text_align_left nd_options_padding_10 nd_options_box_sizing_border_box\">\n      <p class=\"  nd_options_margin_0 nd_options_padding_0\" style=\"color:#666666\">\u00d6ffnungszeiten:<\/p>\n    <\/div>\n    <div class=\"nd_options_display_table_cell nd_options_vertical_align_middle nd_options_width_50_percentage nd_options_text_align_right nd_options_padding_10 nd_options_box_sizing_border_box\">\n      <p class=\"  nd_options_margin_0 nd_options_padding_0\" style=\"color:#7e7e7e\">Check unsere Facebook-Seite!<\/p>\n    <\/div>\n  <\/div>\n\n\n   <div style=\"background-color:;height: 35px\" class=\"nicdark_section  \"><\/div>[\/vc_column][vc_column width=&#8220;1\/2&#8243;][vc_raw_html]JTNDaWZyYW1lJTIwc3JjJTNEJTIyaHR0cHMlM0ElMkYlMkZ3d3cuZ29vZ2xlLmNvbSUyRm1hcHMlMkZlbWJlZCUzRnBiJTNEJTIxMW0xOCUyMTFtMTIlMjExbTMlMjExZDIwMTYuNTUwMzIxMzY4ODYzJTIxMmQ2LjMwNzM0NTQxNjE4NTk2MSUyMTNkNTkuNjQwNDkxMDkzMDc2NDMlMjEybTMlMjExZjAlMjEyZjAlMjEzZjAlMjEzbTIlMjExaTEwMjQlMjEyaTc2OCUyMTRmMTMuMSUyMTNtMyUyMTFtMiUyMTFzMHg0NjNiZmVlMDYyYjRjZTEzJTI1M0EweDE5NjRhMDM1YmQwNWI3MDQlMjEyc1NhdWRhJTI1MjBGam9yZCUyNTIwQ2FtcGluZyUyNTIwQVMlMjE1ZTAlMjEzbTIlMjExc25vJTIxMnNubyUyMTR2MTY0MTg0MjA2Njc4OCUyMTVtMiUyMTFzbm8lMjEyc25vJTIyJTIwd2lkdGglM0QlMjI1NjUlMjIlMjBoZWlnaHQlM0QlMjI1NjUlMjIlMjBzdHlsZSUzRCUyMmJvcmRlciUzQTAlM0IlMjIlMjBhbGxvd2Z1bGxzY3JlZW4lM0QlMjIlMjIlMjBsb2FkaW5nJTNEJTIybGF6eSUyMiUzRSUzQyUyRmlmcmFtZSUzRQ==[\/vc_raw_html][\/vc_column][\/vc_row][\/vc_section]<\/p>\n<\/div>","protected":false},"excerpt":{"rendered":"<p>[vc_section full_width=&#8220;stretch_row&#8220;][vc_row][vc_column width=&#8220;1\/2&#8243;][vc_column_text] Das Bistro f\u00fcr eine private Veranstaltung mieten? Interessiert das Lokal f\u00fcr eine Private Veranstaltung zu mieten? Schreiben Sie uns und teilen Sie uns Ihre W\u00fcnsche mit, z.B. Taufe, Konfirmation oder Geburtstag, dann erstellen wir Ihnen ein unverbindliches Angebot. Sie m\u00f6chten das Bistro pers\u00f6nlich besuchen? W\u00e4hrend unserer \u00d6ffnungszeiten k\u00f6nnen Sie bei Sj\u00f8en 12 [&hellip;]<\/p>\n","protected":false},"author":4,"featured_media":0,"parent":0,"menu_order":0,"comment_status":"closed","ping_status":"closed","template":"","meta":{"_monsterinsights_skip_tracking":false,"_monsterinsights_sitenote_active":false,"_monsterinsights_sitenote_note":"","_monsterinsights_sitenote_category":0,"footnotes":""},"class_list":["post-2838","page","type-page","status-publish","hentry"],"yoast_head":"<!-- This site is optimized with the Yoast SEO plugin v27.3 - https:\/\/yoast.com\/product\/yoast-seo-wordpress\/ -->\n<title>Sj\u00f8en 12 - Sauda Fjord Camping<\/title>\n<meta name=\"robots\" content=\"index, follow, max-snippet:-1, max-image-preview:large, max-video-preview:-1\" \/>\n<link rel=\"canonical\" href=\"https:\/\/saudafjordcamping.no\/de\/sjoen-12\/\" \/>\n<meta property=\"og:locale\" content=\"de_DE\" \/>\n<meta property=\"og:type\" content=\"article\" \/>\n<meta property=\"og:title\" content=\"Sj\u00f8en 12 - Sauda Fjord Camping\" \/>\n<meta property=\"og:description\" content=\"[vc_section full_width=&#8220;stretch_row&#8220;][vc_row][vc_column width=&#8220;1\/2&#8243;][vc_column_text] Das Bistro f\u00fcr eine private Veranstaltung mieten? Interessiert das Lokal f\u00fcr eine Private Veranstaltung zu mieten? Schreiben Sie uns und teilen Sie uns Ihre W\u00fcnsche mit, z.B. Taufe, Konfirmation oder Geburtstag, dann erstellen wir Ihnen ein unverbindliches Angebot. Sie m\u00f6chten das Bistro pers\u00f6nlich besuchen? W\u00e4hrend unserer \u00d6ffnungszeiten k\u00f6nnen Sie bei Sj\u00f8en 12 [&hellip;]\" \/>\n<meta property=\"og:url\" content=\"https:\/\/saudafjordcamping.no\/de\/sjoen-12\/\" \/>\n<meta property=\"og:site_name\" content=\"Sauda Fjord Camping\" \/>\n<meta property=\"article:modified_time\" content=\"2024-05-29T12:09:22+00:00\" \/>\n<meta name=\"twitter:card\" content=\"summary_large_image\" \/>\n<meta name=\"twitter:label1\" content=\"Gesch\u00e4tzte Lesezeit\" \/>\n\t<meta name=\"twitter:data1\" content=\"1\u00a0Minute\" \/>\n<script type=\"application\/ld+json\" class=\"yoast-schema-graph\">{\"@context\":\"https:\\\/\\\/schema.org\",\"@graph\":[{\"@type\":\"WebPage\",\"@id\":\"https:\\\/\\\/saudafjordcamping.no\\\/de\\\/sjoen-12\\\/\",\"url\":\"https:\\\/\\\/saudafjordcamping.no\\\/de\\\/sjoen-12\\\/\",\"name\":\"Sj\u00f8en 12 - Sauda Fjord Camping\",\"isPartOf\":{\"@id\":\"https:\\\/\\\/saudafjordcamping.no\\\/#website\"},\"datePublished\":\"2022-01-18T19:29:50+00:00\",\"dateModified\":\"2024-05-29T12:09:22+00:00\",\"breadcrumb\":{\"@id\":\"https:\\\/\\\/saudafjordcamping.no\\\/de\\\/sjoen-12\\\/#breadcrumb\"},\"inLanguage\":\"de\",\"potentialAction\":[{\"@type\":\"ReadAction\",\"target\":[\"https:\\\/\\\/saudafjordcamping.no\\\/de\\\/sjoen-12\\\/\"]}]},{\"@type\":\"BreadcrumbList\",\"@id\":\"https:\\\/\\\/saudafjordcamping.no\\\/de\\\/sjoen-12\\\/#breadcrumb\",\"itemListElement\":[{\"@type\":\"ListItem\",\"position\":1,\"name\":\"Zuhause\",\"item\":\"https:\\\/\\\/saudafjordcamping.no\\\/de\\\/\"},{\"@type\":\"ListItem\",\"position\":2,\"name\":\"Sj\u00f8en 12\"}]},{\"@type\":\"WebSite\",\"@id\":\"https:\\\/\\\/saudafjordcamping.no\\\/#website\",\"url\":\"https:\\\/\\\/saudafjordcamping.no\\\/\",\"name\":\"Sauda Fjord Camping\",\"description\":\"Fra fjord til fjell\",\"potentialAction\":[{\"@type\":\"SearchAction\",\"target\":{\"@type\":\"EntryPoint\",\"urlTemplate\":\"https:\\\/\\\/saudafjordcamping.no\\\/?s={search_term_string}\"},\"query-input\":{\"@type\":\"PropertyValueSpecification\",\"valueRequired\":true,\"valueName\":\"search_term_string\"}}],\"inLanguage\":\"de\"}]}<\/script>\n<!-- \/ Yoast SEO plugin. -->","yoast_head_json":{"title":"Sj\u00f8en 12 - Sauda Fjord Camping","robots":{"index":"index","follow":"follow","max-snippet":"max-snippet:-1","max-image-preview":"max-image-preview:large","max-video-preview":"max-video-preview:-1"},"canonical":"https:\/\/saudafjordcamping.no\/de\/sjoen-12\/","og_locale":"de_DE","og_type":"article","og_title":"Sj\u00f8en 12 - Sauda Fjord Camping","og_description":"[vc_section full_width=&#8220;stretch_row&#8220;][vc_row][vc_column width=&#8220;1\/2&#8243;][vc_column_text] Das Bistro f\u00fcr eine private Veranstaltung mieten? Interessiert das Lokal f\u00fcr eine Private Veranstaltung zu mieten? Schreiben Sie uns und teilen Sie uns Ihre W\u00fcnsche mit, z.B. Taufe, Konfirmation oder Geburtstag, dann erstellen wir Ihnen ein unverbindliches Angebot. Sie m\u00f6chten das Bistro pers\u00f6nlich besuchen? W\u00e4hrend unserer \u00d6ffnungszeiten k\u00f6nnen Sie bei Sj\u00f8en 12 [&hellip;]","og_url":"https:\/\/saudafjordcamping.no\/de\/sjoen-12\/","og_site_name":"Sauda Fjord Camping","article_modified_time":"2024-05-29T12:09:22+00:00","twitter_card":"summary_large_image","twitter_misc":{"Gesch\u00e4tzte Lesezeit":"1\u00a0Minute"},"schema":{"@context":"https:\/\/schema.org","@graph":[{"@type":"WebPage","@id":"https:\/\/saudafjordcamping.no\/de\/sjoen-12\/","url":"https:\/\/saudafjordcamping.no\/de\/sjoen-12\/","name":"Sj\u00f8en 12 - Sauda Fjord Camping","isPartOf":{"@id":"https:\/\/saudafjordcamping.no\/#website"},"datePublished":"2022-01-18T19:29:50+00:00","dateModified":"2024-05-29T12:09:22+00:00","breadcrumb":{"@id":"https:\/\/saudafjordcamping.no\/de\/sjoen-12\/#breadcrumb"},"inLanguage":"de","potentialAction":[{"@type":"ReadAction","target":["https:\/\/saudafjordcamping.no\/de\/sjoen-12\/"]}]},{"@type":"BreadcrumbList","@id":"https:\/\/saudafjordcamping.no\/de\/sjoen-12\/#breadcrumb","itemListElement":[{"@type":"ListItem","position":1,"name":"Zuhause","item":"https:\/\/saudafjordcamping.no\/de\/"},{"@type":"ListItem","position":2,"name":"Sj\u00f8en 12"}]},{"@type":"WebSite","@id":"https:\/\/saudafjordcamping.no\/#website","url":"https:\/\/saudafjordcamping.no\/","name":"Sauda Fjord Camping","description":"Fra fjord til fjell","potentialAction":[{"@type":"SearchAction","target":{"@type":"EntryPoint","urlTemplate":"https:\/\/saudafjordcamping.no\/?s={search_term_string}"},"query-input":{"@type":"PropertyValueSpecification","valueRequired":true,"valueName":"search_term_string"}}],"inLanguage":"de"}]}},"jetpack_sharing_enabled":true,"_links":{"self":[{"href":"https:\/\/saudafjordcamping.no\/de\/wp-json\/wp\/v2\/pages\/2838","targetHints":{"allow":["GET"]}}],"collection":[{"href":"https:\/\/saudafjordcamping.no\/de\/wp-json\/wp\/v2\/pages"}],"about":[{"href":"https:\/\/saudafjordcamping.no\/de\/wp-json\/wp\/v2\/types\/page"}],"author":[{"embeddable":true,"href":"https:\/\/saudafjordcamping.no\/de\/wp-json\/wp\/v2\/users\/4"}],"replies":[{"embeddable":true,"href":"https:\/\/saudafjordcamping.no\/de\/wp-json\/wp\/v2\/comments?post=2838"}],"version-history":[{"count":60,"href":"https:\/\/saudafjordcamping.no\/de\/wp-json\/wp\/v2\/pages\/2838\/revisions"}],"predecessor-version":[{"id":4414,"href":"https:\/\/saudafjordcamping.no\/de\/wp-json\/wp\/v2\/pages\/2838\/revisions\/4414"}],"wp:attachment":[{"href":"https:\/\/saudafjordcamping.no\/de\/wp-json\/wp\/v2\/media?parent=2838"}],"curies":[{"name":"wp","href":"https:\/\/api.w.org\/{rel}","templated":true}]}}